{"id":10253,"date":"2025-07-28T20:02:12","date_gmt":"2025-07-28T18:02:12","guid":{"rendered":"http:\/\/192.168.1.114:8081\/?page_id=10253"},"modified":"2025-08-23T22:24:20","modified_gmt":"2025-08-23T20:24:20","slug":"campamentos-urbanos","status":"publish","type":"page","link":"https:\/\/kpiworldexperiences.com\/en\/campamentos-urbanos\/","title":{"rendered":"Urban camps"},"content":{"rendered":"<div data-elementor-type=\"wp-page\" data-elementor-id=\"10253\" class=\"elementor elementor-10253\">\n\t\t\t\t\t\t<section class=\"elementor-section elementor-top-section elementor-element elementor-element-5547caa elementor-section-boxed elementor-section-height-default elementor-section-height-default\" data-id=\"5547caa\" data-element_type=\"section\">\n\t\t\t\t\t\t<div class=\"elementor-container elementor-column-gap-default\">\n\t\t\t\t\t<div class=\"elementor-column elementor-col-100 elementor-top-column elementor-element elementor-element-0cfb300\" data-id=\"0cfb300\" data-element_type=\"column\">\n\t\t\t<div class=\"elementor-widget-wrap elementor-element-populated\">\n\t\t\t\t\t\t<div class=\"elementor-element elementor-element-0c6d7ca elementor-widget elementor-widget-heading\" data-id=\"0c6d7ca\" data-element_type=\"widget\" data-widget_type=\"heading.default\">\n\t\t\t\t<div class=\"elementor-widget-container\">\n\t\t\t\t\t<h2 class=\"elementor-heading-title elementor-size-default\">It's not a camp. It's emotional, social, and physical training.<\/h2>\t\t\t\t<\/div>\n\t\t\t\t<\/div>\n\t\t\t\t\t<\/div>\n\t\t<\/div>\n\t\t\t\t\t<\/div>\n\t\t<\/section>\n\t\t\t\t<section class=\"elementor-section elementor-top-section elementor-element elementor-element-7da3521 elementor-section-boxed elementor-section-height-default elementor-section-height-default\" data-id=\"7da3521\" data-element_type=\"section\">\n\t\t\t\t\t\t<div class=\"elementor-container elementor-column-gap-default\">\n\t\t\t\t\t<div class=\"elementor-column elementor-col-33 elementor-top-column elementor-element elementor-element-122faf0\" data-id=\"122faf0\" data-element_type=\"column\">\n\t\t\t<div class=\"elementor-widget-wrap elementor-element-populated\">\n\t\t\t\t\t\t<div class=\"elementor-element elementor-element-7a623f0 elementor-widget elementor-widget-text-editor\" data-id=\"7a623f0\" data-element_type=\"widget\" data-widget_type=\"text-editor.default\">\n\t\t\t\t<div class=\"elementor-widget-container\">\n\t\t\t\t\t\t\t\t\t<div class=\"elementor-element elementor-element-fe1f0b7 elementor-widget elementor-widget-heading\" style=\"text-align: left;\" data-id=\"fe1f0b7\" data-element_type=\"widget\" data-widget_type=\"heading.default\"><p><span style=\"font-size: 20px;\"><br \/><span style=\"color: #000000;\">An educational activity<\/span><\/span><span style=\"font-size: 20px; color: #000000;\"> to teach your child how to use video games in a healthy way.<\/span><\/p><\/div><div class=\"elementor-element elementor-element-4f8498f elementor-widget elementor-widget-text-editor\" data-id=\"4f8498f\" data-element_type=\"widget\" data-widget_type=\"text-editor.default\"><div class=\"elementor-widget-container\"><p style=\"text-align: left;\">Children don't come to play video games all day. We use video games as a tool to work on values, emotions, and social skills that will serve them in their daily lives.<\/p><p style=\"text-align: left;\">We teach them how to deal with frustration when they lose.<\/p><p style=\"text-align: left;\">We work on self-control and decision-making.<\/p><p style=\"text-align: left;\">We encourage empathy, camaraderie, and communication.<\/p><p style=\"text-align: left;\"><img decoding=\"async\" class=\"emoji\" role=\"img\" draggable=\"false\" src=\"https:\/\/s.w.org\/images\/core\/emoji\/15.1.0\/svg\/1f393.svg\" alt=\"\ud83c\udf93\" \/>\u00a0A comprehensive, enjoyable, and safe learning experience.<\/p><\/div><\/div>\t\t\t\t\t\t\t\t<\/div>\n\t\t\t\t<\/div>\n\t\t\t\t\t<\/div>\n\t\t<\/div>\n\t\t\t\t<div class=\"elementor-column elementor-col-66 elementor-top-column elementor-element elementor-element-8b44210\" data-id=\"8b44210\" data-element_type=\"column\">\n\t\t\t<div class=\"elementor-widget-wrap elementor-element-populated\">\n\t\t\t\t\t\t<div class=\"elementor-element elementor-element-00140dd elementor-widget elementor-widget-image\" data-id=\"00140dd\" data-element_type=\"widget\" data-widget_type=\"image.default\">\n\t\t\t\t<div class=\"elementor-widget-container\">\n\t\t\t\t\t\t\t\t\t\t\t\t\t\t\t<img fetchpriority=\"high\" decoding=\"async\" width=\"1247\" height=\"634\" src=\"https:\/\/kpiworldexperiences.com\/wp-content\/uploads\/2025\/08\/campamento-1.jpg\" class=\"attachment-full size-full wp-image-10447\" alt=\"\" srcset=\"https:\/\/kpiworldexperiences.com\/wp-content\/uploads\/2025\/08\/campamento-1.jpg 1247w, https:\/\/kpiworldexperiences.com\/wp-content\/uploads\/2025\/08\/campamento-1-768x390.jpg 768w\" sizes=\"(max-width: 1247px) 100vw, 1247px\" \/>\t\t\t\t\t\t\t\t\t\t\t\t\t\t\t<\/div>\n\t\t\t\t<\/div>\n\t\t\t\t\t<\/div>\n\t\t<\/div>\n\t\t\t\t\t<\/div>\n\t\t<\/section>\n\t\t\t\t<section class=\"elementor-section elementor-top-section elementor-element elementor-element-d8ca878 elementor-section-full_width elementor-section-content-middle elementor-section-height-default elementor-section-height-default\" data-id=\"d8ca878\" data-element_type=\"section\">\n\t\t\t\t\t\t<div class=\"elementor-container elementor-column-gap-default\">\n\t\t\t\t\t<div class=\"elementor-column elementor-col-100 elementor-top-column elementor-element elementor-element-40a01e6\" data-id=\"40a01e6\" data-element_type=\"column\">\n\t\t\t<div class=\"elementor-widget-wrap elementor-element-populated\">\n\t\t\t\t\t\t<div class=\"elementor-element elementor-element-03cca4f elementor-widget elementor-widget-spacer\" data-id=\"03cca4f\" data-element_type=\"widget\" data-widget_type=\"spacer.default\">\n\t\t\t\t<div class=\"elementor-widget-container\">\n\t\t\t\t\t\t\t<div class=\"elementor-spacer\">\n\t\t\t<div class=\"elementor-spacer-inner\"><\/div>\n\t\t<\/div>\n\t\t\t\t\t\t<\/div>\n\t\t\t\t<\/div>\n\t\t\t\t\t<\/div>\n\t\t<\/div>\n\t\t\t\t\t<\/div>\n\t\t<\/section>\n\t\t\t\t<section class=\"elementor-section elementor-top-section elementor-element elementor-element-b23df6e elementor-section-full_width elementor-section-content-middle elementor-section-height-default elementor-section-height-default\" data-id=\"b23df6e\" data-element_type=\"section\">\n\t\t\t\t\t\t<div class=\"elementor-container elementor-column-gap-default\">\n\t\t\t\t\t<div class=\"elementor-column elementor-col-100 elementor-top-column elementor-element elementor-element-1836d80\" data-id=\"1836d80\" data-element_type=\"column\">\n\t\t\t<div class=\"elementor-widget-wrap elementor-element-populated\">\n\t\t\t\t\t\t<div class=\"elementor-element elementor-element-6c47718 elementor-align-center elementor-widget elementor-widget-button\" data-id=\"6c47718\" data-element_type=\"widget\" data-widget_type=\"button.default\">\n\t\t\t\t<div class=\"elementor-widget-container\">\n\t\t\t\t\t\t\t\t\t<div class=\"elementor-button-wrapper\">\n\t\t\t\t\t<a class=\"elementor-button elementor-button-link elementor-size-sm\" href=\"https:\/\/kpiworldsummer.com\/\">\n\t\t\t\t\t\t<span class=\"elementor-button-content-wrapper\">\n\t\t\t\t\t\t\t\t\t<span class=\"elementor-button-text\">I want to sign up!<\/span>\n\t\t\t\t\t<\/span>\n\t\t\t\t\t<\/a>\n\t\t\t\t<\/div>\n\t\t\t\t\t\t\t\t<\/div>\n\t\t\t\t<\/div>\n\t\t\t\t\t<\/div>\n\t\t<\/div>\n\t\t\t\t\t<\/div>\n\t\t<\/section>\n\t\t\t\t<\/div>","protected":false},"excerpt":{"rendered":"<p>No es un campamento. Es formaci\u00f3n emocional, social y f\u00edsica. Una actividad formativa para que tu hijo\/a aprenda a usar los videojuegos de forma saludable. Los ni\u00f1os no vienen a jugar a videojuegos todo el d\u00eda. Utilizamos el videojuego como herramienta para trabajar valores, emociones y habilidades sociales que les servir\u00e1n en su d\u00eda a [&hellip;]<\/p>","protected":false},"author":1,"featured_media":10468,"parent":0,"menu_order":0,"comment_status":"closed","ping_status":"closed","template":"","meta":{"footnotes":""},"class_list":["post-10253","page","type-page","status-publish","has-post-thumbnail","hentry"],"aioseo_notices":[],"_links":{"self":[{"href":"https:\/\/kpiworldexperiences.com\/en\/wp-json\/wp\/v2\/pages\/10253","targetHints":{"allow":["GET"]}}],"collection":[{"href":"https:\/\/kpiworldexperiences.com\/en\/wp-json\/wp\/v2\/pages"}],"about":[{"href":"https:\/\/kpiworldexperiences.com\/en\/wp-json\/wp\/v2\/types\/page"}],"author":[{"embeddable":true,"href":"https:\/\/kpiworldexperiences.com\/en\/wp-json\/wp\/v2\/users\/1"}],"replies":[{"embeddable":true,"href":"https:\/\/kpiworldexperiences.com\/en\/wp-json\/wp\/v2\/comments?post=10253"}],"version-history":[{"count":32,"href":"https:\/\/kpiworldexperiences.com\/en\/wp-json\/wp\/v2\/pages\/10253\/revisions"}],"predecessor-version":[{"id":10591,"href":"https:\/\/kpiworldexperiences.com\/en\/wp-json\/wp\/v2\/pages\/10253\/revisions\/10591"}],"wp:featuredmedia":[{"embeddable":true,"href":"https:\/\/kpiworldexperiences.com\/en\/wp-json\/wp\/v2\/media\/10468"}],"wp:attachment":[{"href":"https:\/\/kpiworldexperiences.com\/en\/wp-json\/wp\/v2\/media?parent=10253"}],"curies":[{"name":"wp","href":"https:\/\/api.w.org\/{rel}","templated":true}]}}