{"id":10331,"date":"2025-08-08T14:32:05","date_gmt":"2025-08-08T12:32:05","guid":{"rendered":"http:\/\/192.168.1.114:8081\/?page_id=10331"},"modified":"2025-10-06T11:39:37","modified_gmt":"2025-10-06T09:39:37","slug":"aviso-legal","status":"publish","type":"page","link":"https:\/\/kpiworldexperiences.com\/en\/aviso-legal\/","title":{"rendered":"Legal Notice"},"content":{"rendered":"<div data-elementor-type=\"wp-page\" data-elementor-id=\"10331\" class=\"elementor elementor-10331\">\n\t\t\t\t\t\t<section class=\"elementor-section elementor-top-section elementor-element elementor-element-9fe364b elementor-section-boxed elementor-section-height-default elementor-section-height-default\" data-id=\"9fe364b\" data-element_type=\"section\">\n\t\t\t\t\t\t<div class=\"elementor-container elementor-column-gap-default\">\n\t\t\t\t\t<div class=\"elementor-column elementor-col-100 elementor-top-column elementor-element elementor-element-60ef99c\" data-id=\"60ef99c\" data-element_type=\"column\">\n\t\t\t<div class=\"elementor-widget-wrap elementor-element-populated\">\n\t\t\t\t\t\t<div class=\"elementor-element elementor-element-2f30502 elementor-widget elementor-widget-heading\" data-id=\"2f30502\" data-element_type=\"widget\" data-widget_type=\"heading.default\">\n\t\t\t\t<div class=\"elementor-widget-container\">\n\t\t\t\t\t<div class=\"elementor-heading-title elementor-size-default\">Legal Notice<\/div>\t\t\t\t<\/div>\n\t\t\t\t<\/div>\n\t\t\t\t<div class=\"elementor-element elementor-element-bb4d165 elementor-widget elementor-widget-text-editor\" data-id=\"bb4d165\" data-element_type=\"widget\" data-widget_type=\"text-editor.default\">\n\t\t\t\t<div class=\"elementor-widget-container\">\n\t\t\t\t\t\t\t\t\t<h3><span style=\"color: #ff0000;\">Identification information<\/span><\/h3><p><!-- \/wp:heading --><!-- wp:paragraph --><\/p><ul><li>Est\u00e1s visitando la p\u00e1gina web https:\/\/kpiworldexperience.com\/ titularidad de KPI Gaming &amp; Advertising, S.L., con domicilio social en C\/ Vallefranco, 36, con NIF n\u00ba B87635082, inscrita en el Registro Mercantil de Comunidad de Madrid en el tomo 35004, Folio 156, Hoja M-629574 (que en ese documento se llama &lt;&lt;el Titular&gt;&gt;).<\/li><\/ul><p>La actividad no est\u00e1 sujeta a ning\u00fan r\u00e9gimen de autorizaci\u00f3n administrativa previa.<br \/>Puedes contactar con EL TITULAR por cualquiera de los siguientes medios:<br \/>Tel\u00e9fono: +34669220877<br \/>Correo electr\u00f3nico de contacto: tienda@kpigaming.es<\/p><p><!-- \/wp:paragraph --><!-- wp:heading --><\/p><h3><span style=\"color: #ff0000;\">Web hosting<\/span><\/h3><p><!-- \/wp:heading --><!-- wp:heading {\"level\":3} --><!-- \/wp:heading --><!-- wp:paragraph --><\/p><p>IONOS Cloud, S.L.U.<br \/>Avenida de la Vega, 1 \u2014 Edificio Veganova (Edif. 3, Planta 5, Puerta C), 28108 Alcobendas, Madrid, Espa\u00f1a<br \/>Tel\u00e9fono: +34 91 136 0000<br \/>Correo electr\u00f3nico de contacto: soporte@ionos.es<\/p><p><!-- \/wp:paragraph --><!-- wp:paragraph --><!-- \/wp:paragraph --><!-- wp:heading {\"level\":3} --><\/p><h5><span style=\"color: #ff0000;\">Users<\/span><\/h5><p><!-- \/wp:heading --><!-- wp:paragraph --><\/p><ul><li>Estas condiciones (en adelante Aviso Legal) tienen por finalidad regular el uso de la p\u00e1gina web de EL TITULAR que pone a disposici\u00f3n del p\u00fablico.<br \/>El acceso y\/o uso de esta p\u00e1gina web de EL TITULAR atribuye la condici\u00f3n de USUARIO, que acepta, desde dicho acceso y\/o uso, las condiciones generales de uso aqu\u00ed reflejadas. Estas condiciones ser\u00e1n de aplicaci\u00f3n independientemente de las condiciones generales de contrataci\u00f3n que en su caso resulten de obligado cumplimiento.<\/li><\/ul><p><!-- \/wp:paragraph --><!-- wp:heading {\"level\":3} --><\/p><h3><span style=\"color: #ff0000;\">Use of the portal<\/span><\/h3><p><!-- \/wp:heading --><!-- wp:heading {\"level\":3} --><!-- \/wp:heading --><!-- wp:paragraph --><\/p><ul><li>https:\/\/kpiworldexperience.com\/ proporciona el acceso a multitud de informaciones, servicios, programas o datos (en adelante, \u00ablos contenidos\u00bb) en Internet pertenecientes a EL TITULAR o a sus licenciantes a los que el USUARIO pueda tener acceso.<\/li><\/ul><p>El USUARIO asume la responsabilidad del uso del sitio web KPI World Experience. Dicha responsabilidad se extiende al registro que fuese necesario para acceder a determinados servicios o contenidos. En dicho registro el USUARIO ser\u00e1 responsable de aportar informaci\u00f3n real y l\u00edcita. Como consecuencia de este registro, al USUARIO se le puede entregar una contrase\u00f1a de la que ser\u00e1 responsable, comprometi\u00e9ndose a hacer un uso diligente y confidencial de la misma.<br \/>El USUARIO se compromete a hacer un uso adecuado de los contenidos y servicios (p.e. servicios de chat, foros de discusi\u00f3n y grupos de noticias) que EL TITULAR ofrece a trav\u00e9s de su sitio <strong>KPI World Experience<\/strong>\u00a0y (con car\u00e1cter enunciativo pero no limitativo), a no usarlos para:<\/p><p><!-- \/wp:paragraph --><!-- wp:paragraph --><!-- \/wp:paragraph --><!-- wp:paragraph --><!-- \/wp:paragraph --><!-- wp:paragraph --><!-- \/wp:paragraph --><!-- wp:heading {\"level\":3} --><\/p><p><!-- \/wp:heading --><!-- wp:paragraph --><\/p><ul><li>Realizar actividades il\u00edcitas, ilegales o contrarias a la buena fe y al orden p\u00fablico<\/li><li>Difundir contenidos o propaganda de car\u00e1cter racista, xen\u00f3fobo, pornogr\u00e1fico-ilegal, de apolog\u00eda del terrorismo o atentatorio contra los derechos humanos<\/li><li>Provocar da\u00f1os en los sistemas f\u00edsicos y l\u00f3gicos de El TITULAR, de sus proveedores o de terceras personas, introducir o difundir en la red virus inform\u00e1ticos o cualesquiera otros sistemas f\u00edsicos o l\u00f3gicos que sean susceptibles de provocar los da\u00f1os anteriormente mencionados<\/li><li>Intentar acceder y, en su caso, utilizar las cuentas de correo electr\u00f3nico de otros usuarios y modificar o manipular sus mensajes<\/li><li>Utilizar el sitio web ni las informaciones que en \u00e9l se contienen con fines comerciales, pol\u00edticos, publicitarios y para cualquier uso comercial, sobre todo el env\u00edo de correos electr\u00f3nicos no solicitados.<\/li><\/ul><p>EL TITULAR tiene el derecho de retirar todos aquellos comentarios y aportaciones que vulneren el respeto a la dignidad de la persona, que sean discriminatorios, xen\u00f3fobos, racistas, pornogr\u00e1ficos, que atenten contra la juventud o la infancia, el orden o la seguridad p\u00fablica o que, a su juicio, no sean adecuados para su publicaci\u00f3n. En cualquier caso, EL TITULAR no ser\u00e1 responsable de las opiniones vertidas por los usuarios a trav\u00e9s de los foros, chats, u otras herramientas de participaci\u00f3n.<\/p><p><!-- \/wp:paragraph --><!-- wp:paragraph --><!-- \/wp:paragraph --><!-- wp:heading {\"level\":3} --><\/p><h3><span style=\"color: #ff0000;\">Data protection<\/span><\/h3><p><!-- \/wp:heading --><!-- wp:heading --><!-- \/wp:heading --><!-- wp:paragraph --><\/p><p>Todo lo relativo a la pol\u00edtica de protecci\u00f3n de datos se encuentra recogido en el documento de pol\u00edtica de privacidad.<\/p><p><!-- \/wp:paragraph --><!-- wp:paragraph --><!-- \/wp:paragraph --><!-- wp:heading --><\/p><h5><span style=\"color: #ff0000;\">Contents. Intellectual and industrial property<\/span><\/h5><p><!-- \/wp:heading --><!-- wp:paragraph --><\/p><ul><li>EL TITULAR es propietario de todos los derechos de propiedad intelectual e industrial de su p\u00e1gina web, as\u00ed como de los elementos contenidos en la misma (a t\u00edtulo enunciativo: im\u00e1genes, fotograf\u00edas, sonido, audio, v\u00eddeo, software o textos; marcas o logotipos, combinaciones de colores, estructura y dise\u00f1o, selecci\u00f3n de materiales usados, programas de ordenador necesarios para su funcionamiento, acceso y uso, etc.), titularidad del TITULAR o de sus licenciantes.<\/li><\/ul><p>Todos los derechos reservados. De acuerdo con lo establecido en los art\u00edculos 8 y 32.1, p\u00e1rrafo segundo, de la Ley de Propiedad Intelectual, quedan expresamente prohibidas la reproducci\u00f3n, la distribuci\u00f3n y la comunicaci\u00f3n p\u00fablica, incluida su modalidad de puesta a disposici\u00f3n, de la totalidad o parte de los contenidos de esta p\u00e1gina web, con fines comerciales, en cualquier soporte y por cualquier medio t\u00e9cnico, sin la autorizaci\u00f3n del TITULAR.<br \/>El USUARIO se compromete a respetar los derechos de Propiedad Intelectual e Industrial titularidad del TITULAR. Podr\u00e1 visualizar los elementos del sitio <strong>KPI World Experience<\/strong>\u00a0e incluso imprimirlos, copiarlos y almacenarlos en el disco duro de su ordenador o en cualquier otro soporte f\u00edsico siempre y cuando sea, \u00fanica y exclusivamente, para su uso personal y privado. El USUARIO no podr\u00e1 suprimir, alterar, eludir o manipular cualquier dispositivo de protecci\u00f3n o sistema de seguridad que estuviera instalado en las p\u00e1ginas del TITULAR.<\/p><h6><span style=\"color: #ff0000;\">Last update: August 1, 2025<\/span><\/h6>\t\t\t\t\t\t\t\t<\/div>\n\t\t\t\t<\/div>\n\t\t\t\t\t<\/div>\n\t\t<\/div>\n\t\t\t\t\t<\/div>\n\t\t<\/section>\n\t\t\t\t<\/div>","protected":false},"excerpt":{"rendered":"<p>Aviso Legal Datos identificativos Est\u00e1s visitando la p\u00e1gina web https:\/\/kpiworldexperience.com\/ titularidad de KPI Gaming &amp; Advertising, S.L., con domicilio social en C\/ Vallefranco, 36, con NIF n\u00ba B87635082, inscrita en el Registro Mercantil de Comunidad de Madrid en el tomo 35004, Folio 156, Hoja M-629574 (que en ese documento se llama &lt;&lt;el Titular&gt;&gt;). La actividad [&hellip;]<\/p>","protected":false},"author":1,"featured_media":10353,"parent":0,"menu_order":0,"comment_status":"closed","ping_status":"closed","template":"","meta":{"footnotes":""},"class_list":["post-10331","page","type-page","status-publish","has-post-thumbnail","hentry"],"aioseo_notices":[],"_links":{"self":[{"href":"https:\/\/kpiworldexperiences.com\/en\/wp-json\/wp\/v2\/pages\/10331","targetHints":{"allow":["GET"]}}],"collection":[{"href":"https:\/\/kpiworldexperiences.com\/en\/wp-json\/wp\/v2\/pages"}],"about":[{"href":"https:\/\/kpiworldexperiences.com\/en\/wp-json\/wp\/v2\/types\/page"}],"author":[{"embeddable":true,"href":"https:\/\/kpiworldexperiences.com\/en\/wp-json\/wp\/v2\/users\/1"}],"replies":[{"embeddable":true,"href":"https:\/\/kpiworldexperiences.com\/en\/wp-json\/wp\/v2\/comments?post=10331"}],"version-history":[{"count":8,"href":"https:\/\/kpiworldexperiences.com\/en\/wp-json\/wp\/v2\/pages\/10331\/revisions"}],"predecessor-version":[{"id":10709,"href":"https:\/\/kpiworldexperiences.com\/en\/wp-json\/wp\/v2\/pages\/10331\/revisions\/10709"}],"wp:featuredmedia":[{"embeddable":true,"href":"https:\/\/kpiworldexperiences.com\/en\/wp-json\/wp\/v2\/media\/10353"}],"wp:attachment":[{"href":"https:\/\/kpiworldexperiences.com\/en\/wp-json\/wp\/v2\/media?parent=10331"}],"curies":[{"name":"wp","href":"https:\/\/api.w.org\/{rel}","templated":true}]}}