{"id":10342,"date":"2025-08-08T14:39:35","date_gmt":"2025-08-08T12:39:35","guid":{"rendered":"http:\/\/192.168.1.114:8081\/?page_id=10342"},"modified":"2025-08-08T14:56:19","modified_gmt":"2025-08-08T12:56:19","slug":"politica-de-privacidad","status":"publish","type":"page","link":"https:\/\/kpiworldexperiences.com\/en\/politica-de-privacidad\/","title":{"rendered":"Privacy Policy"},"content":{"rendered":"<div data-elementor-type=\"wp-page\" data-elementor-id=\"10342\" class=\"elementor elementor-10342\">\n\t\t\t\t\t\t<section class=\"elementor-section elementor-top-section elementor-element elementor-element-ce75322 elementor-section-boxed elementor-section-height-default elementor-section-height-default\" data-id=\"ce75322\" data-element_type=\"section\">\n\t\t\t\t\t\t<div class=\"elementor-container elementor-column-gap-default\">\n\t\t\t\t\t<div class=\"elementor-column elementor-col-100 elementor-top-column elementor-element elementor-element-25a5192\" data-id=\"25a5192\" data-element_type=\"column\">\n\t\t\t<div class=\"elementor-widget-wrap elementor-element-populated\">\n\t\t\t\t\t\t<div class=\"elementor-element elementor-element-773f013 elementor-widget elementor-widget-heading\" data-id=\"773f013\" data-element_type=\"widget\" data-widget_type=\"heading.default\">\n\t\t\t\t<div class=\"elementor-widget-container\">\n\t\t\t\t\t<div class=\"elementor-heading-title elementor-size-default\">Privacy Policy<\/div>\t\t\t\t<\/div>\n\t\t\t\t<\/div>\n\t\t\t\t<div class=\"elementor-element elementor-element-6f4c587 elementor-widget elementor-widget-text-editor\" data-id=\"6f4c587\" data-element_type=\"widget\" data-widget_type=\"text-editor.default\">\n\t\t\t\t<div class=\"elementor-widget-container\">\n\t\t\t\t\t\t\t\t\t<p>At https:\/\/kpiworldsummer.com\/ (hereinafter, \u201cthe Website\u201d), the privacy of our users is very important. Therefore, we hereby inform you of how we collect, use, and protect your personal data, in accordance with current regulations in Spain and the European Union, including Regulation (EU) 2016\/679 of the European Parliament and of the Council on the protection of natural persons with regard to the processing of personal data (General Data Protection Regulation or GDPR).<\/p>\n<h3><!-- \/wp:paragraph --><!-- wp:heading --><\/h3>\n<h3><span style=\"color: #ff0000;\">1. Data Controller<\/span><\/h3>\n<h3><!-- \/wp:heading --><!-- wp:heading {\"level\":3} --><!-- \/wp:heading --><!-- wp:paragraph --><\/h3>\n<p>The entity responsible for processing your personal data is KPI Gaming &amp; Advertising, S.L., with registered office at C\/ Vallefranco, 36, Madrid, Spain, Tax ID number B87635082, registered in the Commercial Registry of the Community of Madrid (Volume 35004, Folio 156, Page M-629574). You can contact us by phone at +34669220877 or by email at tienda@kpigaming.es.<\/p>\n<h3><!-- \/wp:paragraph --><!-- wp:paragraph --><!-- \/wp:paragraph --><!-- wp:heading {\"level\":3} --><\/h3>\n<h3><span style=\"color: #ff0000;\">2. Data Collected<\/span><\/h3>\n<h3><!-- \/wp:heading --><!-- wp:paragraph --><\/h3>\n<p>On the Website, we collect personal data when you register or interact with our services. This data may include:<\/p>\n<ul>\n<li>Identifying information: First name, last name, email address, telephone number.<\/li>\n<li>Browsing data: IP address, device type, operating system, date and time of access, and other data related to the use of the we<\/li>\n<li>Informaci\u00f3n adicional proporcionada por el usuario en formularios de contacto, encuestas o registros.<\/li>\n<\/ul>\n<h3><!-- \/wp:paragraph --><!-- wp:heading {\"level\":3} --><\/h3>\n<h3><span style=\"color: #ff0000;\">3. Purpose of Processing<\/span><\/h3>\n<h3><!-- \/wp:heading --><!-- wp:heading {\"level\":3} --><!-- \/wp:heading --><!-- wp:paragraph --><\/h3>\n<p>The personal data we collect is used for the following purposes:<\/p>\n<ul>\n<li>Provide our services and respond to user requests.<\/li>\n<li>Manage your registration and access to personalized services.<\/li>\n<li>Send commercial communications, newsletters, and promotions for our own or third-party products and services that may be of interest to you, provided that you have given your prior consent.<\/li>\n<li>Mejorar la calidad y el contenido de nuestra P\u00e1gina Web mediante el an\u00e1lisis de los datos de navegaci\u00f3n.<\/li>\n<li>Cumplir con las obligaciones legales y contractuales.<\/li>\n<\/ul>\n<h3><!-- \/wp:paragraph --><!-- wp:paragraph --><!-- \/wp:paragraph --><!-- wp:paragraph --><!-- \/wp:paragraph --><!-- wp:paragraph --><!-- \/wp:paragraph --><!-- wp:heading {\"level\":3} --><\/h3>\n<h3><span style=\"color: #ff0000;\">4. Base Legal para el Tratamiento<\/span><\/h3>\n<h3><!-- \/wp:heading --><!-- wp:paragraph --><\/h3>\n<p>El tratamiento de tus datos se basa en las siguientes bases legales:<\/p>\n<ul>\n<li><span style=\"color: #ff0000;\"><strong>Consentimiento<\/strong>:<\/span> Cuando nos proporcionas tus datos para recibir informaci\u00f3n comercial, participar en sorteos o concursos, o cualquier otra actividad que lo requiera.<\/li>\n<li><span style=\"color: #ff0000;\"><strong>Ejecuci\u00f3n de un contrato:<\/strong><\/span> Para la prestaci\u00f3n de nuestros servicios o productos.<\/li>\n<li><span style=\"color: #ff0000;\"><strong>Cumplimiento de obligaciones legales:<\/strong><\/span> Cuando la ley nos exige procesar tus datos<\/li>\n<\/ul>\n<h3><!-- \/wp:paragraph --><!-- wp:paragraph --><!-- \/wp:paragraph --><!-- wp:heading {\"level\":3} --><\/h3>\n<h3><span style=\"color: #ff0000;\">5. Conservaci\u00f3n de los Datos<\/span><\/h3>\n<h3><!-- \/wp:heading --><!-- wp:heading --><!-- \/wp:heading --><!-- wp:paragraph --><\/h3>\n<p>Conservaremos tus datos personales durante el tiempo necesario para cumplir con las finalidades para las cuales fueron recabados, y en todo caso, hasta que el usuario decida ejercer su derecho de supresi\u00f3n de los mismos, conforme a la normativa aplicable.<\/p>\n<h3><!-- \/wp:paragraph --><!-- wp:paragraph --><!-- \/wp:paragraph --><!-- wp:heading --><\/h3>\n<h3><span style=\"color: #ff0000;\">6. Destinatarios de los Datos<\/span><\/h3>\n<h3><!-- \/wp:heading --><!-- wp:paragraph --><\/h3>\n<p>No compartiremos tus datos personales con terceros, salvo en los siguientes casos:<\/p>\n<ul>\n<li>Proveedores de servicios que gestionen aspectos t\u00e9cnicos de nuestra P\u00e1gina Web, como servicios de alojamiento web o an\u00e1lisis de datos.<\/li>\n<li>Cumplimiento de obligaciones legales o en caso de requerimientos judiciales.<\/li>\n<\/ul>\n<h3><!-- \/wp:paragraph --><!-- wp:heading --><\/h3>\n<h3><span style=\"color: #ff0000;\">7. Derechos de los Usuarios<\/span><\/h3>\n<h3><!-- \/wp:heading --><!-- wp:paragraph --><\/h3>\n<p>Tienes derecho a:<\/p>\n<ul>\n<li>Acceder a tus datos personales.<\/li>\n<li>Rectificar datos inexactos o incompletos.<\/li>\n<li>Suprimir tus datos cuando ya no sean necesarios para los fines para los que fueron recogidos.<\/li>\n<li>Oponerte al tratamiento de tus datos por motivos leg\u00edtimos.<\/li>\n<li>Solicitar la limitaci\u00f3n del tratamiento.<\/li>\n<li>Ejercer el derecho a la portabilidad de tus datos.<\/li>\n<\/ul>\n<h3><!-- \/wp:paragraph --><!-- wp:heading --><\/h3>\n<p>Conservaremos tus datos personales durante el tiempo necesario para cumplir con las finalidades para las cuales fueron recabados, y en todo caso, hasta que el usuario decida ejercer<\/p>\n<h3><!-- \/wp:heading --><!-- wp:heading --><\/h3>\n<h3><span style=\"color: #ff0000;\">8. Medidas de Seguridad<\/span><\/h3>\n<h3><!-- \/wp:heading --><!-- wp:paragraph --><\/h3>\n<p>Adoptamos las medidas de seguridad t\u00e9cnicas y organizativas necesarias para proteger tus datos personales frente a su alteraci\u00f3n, p\u00e9rdida, tratamiento o acceso no autorizado. Sin embargo, debes ser consciente de que no existe un m\u00e9todo de transmisi\u00f3n de datos a trav\u00e9s de Internet o un m\u00e9todo de almacenamiento electr\u00f3nico que sea 100% seguro, por lo que no podemos garantizar la seguridad absoluta de tus datos.<\/p>\n<h3><!-- \/wp:heading --><!-- wp:heading {\"level\":3} --><\/h3>\n<h3><span style=\"color: #ff0000;\">9. Cookies<\/span><\/h3>\n<h3><!-- \/wp:heading --><!-- wp:paragraph --><\/h3>\n<p>La P\u00e1gina Web utiliza cookies para mejorar la experiencia de navegaci\u00f3n. Las cookies son peque\u00f1os archivos que se almacenan en tu dispositivo y que nos permiten mejorar el rendimiento de la web y ofrecerte una experiencia personalizada. Si deseas obtener m\u00e1s informaci\u00f3n sobre c\u00f3mo utilizamos las cookies, consulta nuestra Pol\u00edtica de Cookies.<\/p>\n<h3><!-- \/wp:heading --><!-- wp:heading {\"level\":3} --><\/h3>\n<h3><span style=\"color: #ff0000;\">10. Modificaci\u00f3n de la Pol\u00edtica de Privacidad<\/span><\/h3>\n<h3><!-- \/wp:heading --><!-- wp:paragraph --><\/h3>\n<p>Nos reservamos el derecho de modificar esta Pol\u00edtica de Privacidad en cualquier momento, adapt\u00e1ndola a las novedades legislativas o de nuestros servicios. Cualquier cambio ser\u00e1 publicado en esta misma p\u00e1gina, y la fecha de la \u00faltima actualizaci\u00f3n se indicar\u00e1 al final de este documento.<\/p>\n<h6><span style=\"color: #ff0000;\">Last update: August 1, 2025<\/span><\/h6>\t\t\t\t\t\t\t\t<\/div>\n\t\t\t\t<\/div>\n\t\t\t\t\t<\/div>\n\t\t<\/div>\n\t\t\t\t\t<\/div>\n\t\t<\/section>\n\t\t\t\t<\/div>","protected":false},"excerpt":{"rendered":"<p>Pol\u00edtica de Privacidad En https:\/\/kpiworldsummer.com\/ (en adelante, \u00abla P\u00e1gina Web\u00bb), la privacidad de nuestros usuarios es muy importante. Por ello, te informamos a continuaci\u00f3n de c\u00f3mo recogemos, utilizamos y protegemos tus datos personales, conforme a la normativa vigente en Espa\u00f1a y la Uni\u00f3n Europea, incluyendo el Reglamento (UE) 2016\/679 del Parlamento Europeo y del Consejo, [&hellip;]<\/p>","protected":false},"author":1,"featured_media":10353,"parent":0,"menu_order":0,"comment_status":"closed","ping_status":"closed","template":"template-fullwidth.php","meta":{"footnotes":""},"class_list":["post-10342","page","type-page","status-publish","has-post-thumbnail","hentry"],"aioseo_notices":[],"_links":{"self":[{"href":"https:\/\/kpiworldexperiences.com\/en\/wp-json\/wp\/v2\/pages\/10342","targetHints":{"allow":["GET"]}}],"collection":[{"href":"https:\/\/kpiworldexperiences.com\/en\/wp-json\/wp\/v2\/pages"}],"about":[{"href":"https:\/\/kpiworldexperiences.com\/en\/wp-json\/wp\/v2\/types\/page"}],"author":[{"embeddable":true,"href":"https:\/\/kpiworldexperiences.com\/en\/wp-json\/wp\/v2\/users\/1"}],"replies":[{"embeddable":true,"href":"https:\/\/kpiworldexperiences.com\/en\/wp-json\/wp\/v2\/comments?post=10342"}],"version-history":[{"count":8,"href":"https:\/\/kpiworldexperiences.com\/en\/wp-json\/wp\/v2\/pages\/10342\/revisions"}],"predecessor-version":[{"id":10354,"href":"https:\/\/kpiworldexperiences.com\/en\/wp-json\/wp\/v2\/pages\/10342\/revisions\/10354"}],"wp:featuredmedia":[{"embeddable":true,"href":"https:\/\/kpiworldexperiences.com\/en\/wp-json\/wp\/v2\/media\/10353"}],"wp:attachment":[{"href":"https:\/\/kpiworldexperiences.com\/en\/wp-json\/wp\/v2\/media?parent=10342"}],"curies":[{"name":"wp","href":"https:\/\/api.w.org\/{rel}","templated":true}]}}