{"id":10408,"date":"2025-08-11T10:44:58","date_gmt":"2025-08-11T08:44:58","guid":{"rendered":"http:\/\/192.168.1.114:8081\/?page_id=10408"},"modified":"2025-10-06T12:28:02","modified_gmt":"2025-10-06T10:28:02","slug":"colegios-e-institutos","status":"publish","type":"page","link":"https:\/\/kpiworldexperiences.com\/en\/colegios-e-institutos\/","title":{"rendered":"Schools and Colleges"},"content":{"rendered":"<div data-elementor-type=\"wp-page\" data-elementor-id=\"10408\" class=\"elementor elementor-10408\">\n\t\t\t\t\t\t<section class=\"elementor-section elementor-top-section elementor-element elementor-element-df16dd0 elementor-section-boxed elementor-section-height-default elementor-section-height-default\" data-id=\"df16dd0\" data-element_type=\"section\">\n\t\t\t\t\t\t<div class=\"elementor-container elementor-column-gap-default\">\n\t\t\t\t\t<div class=\"elementor-column elementor-col-100 elementor-top-column elementor-element elementor-element-201f071\" data-id=\"201f071\" data-element_type=\"column\">\n\t\t\t<div class=\"elementor-widget-wrap elementor-element-populated\">\n\t\t\t\t\t\t<div class=\"elementor-element elementor-element-25c9cbb elementor-widget elementor-widget-heading\" data-id=\"25c9cbb\" data-element_type=\"widget\" data-widget_type=\"heading.default\">\n\t\t\t\t<div class=\"elementor-widget-container\">\n\t\t\t\t\t<h2 class=\"elementor-heading-title elementor-size-default\">Schools and Colleges\n<\/h2>\t\t\t\t<\/div>\n\t\t\t\t<\/div>\n\t\t\t\t\t<\/div>\n\t\t<\/div>\n\t\t\t\t\t<\/div>\n\t\t<\/section>\n\t\t\t\t<section class=\"elementor-section elementor-top-section elementor-element elementor-element-6c070af elementor-section-boxed elementor-section-height-default elementor-section-height-default\" data-id=\"6c070af\" data-element_type=\"section\">\n\t\t\t\t\t\t<div class=\"elementor-container elementor-column-gap-default\">\n\t\t\t\t\t<div class=\"elementor-column elementor-col-33 elementor-top-column elementor-element elementor-element-d232a14\" data-id=\"d232a14\" data-element_type=\"column\">\n\t\t\t<div class=\"elementor-widget-wrap elementor-element-populated\">\n\t\t\t\t\t\t<div class=\"elementor-element elementor-element-73de379 elementor-widget elementor-widget-text-editor\" data-id=\"73de379\" data-element_type=\"widget\" data-widget_type=\"text-editor.default\">\n\t\t\t\t<div class=\"elementor-widget-container\">\n\t\t\t\t\t\t\t\t\t<div class=\"elementor-element elementor-element-fe1f0b7 elementor-widget elementor-widget-heading\" style=\"text-align: left;\" data-id=\"fe1f0b7\" data-element_type=\"widget\" data-widget_type=\"heading.default\"><p><span style=\"font-size: 20px; color: #000000;\">Aprender jugando, crecer compitiendo.<\/span><\/p><\/div><div class=\"elementor-element elementor-element-4f8498f elementor-widget elementor-widget-text-editor\" data-id=\"4f8498f\" data-element_type=\"widget\" data-widget_type=\"text-editor.default\"><div class=\"elementor-widget-container\"><p style=\"text-align: left;\">En KPI Experience transformamos los videojuegos en una herramienta educativa innovadora.<\/p><p style=\"text-align: left;\">A trav\u00e9s de talleres, actividades y din\u00e1micas gamificadas, ayudamos a que los estudiantes desarrollen habilidades clave para el futuro mientras disfrutan de lo que m\u00e1s les apasiona: el gaming.<\/p><h6 style=\"text-align: left;\">\u00bfPor qu\u00e9 gaming en la educaci\u00f3n?<\/h6><p style=\"text-align: left;\">Los videojuegos no son solo entretenimiento: bien utilizados, se convierten en un potente recurso pedag\u00f3gico.<\/p><h6 style=\"text-align: left;\"><span style=\"color: #000000;\">Con nuestras experiencias, los alumnos trabajan:<\/span><\/h6><ul><li style=\"text-align: left;\">Trabajo en equipo\u00a0<\/li><li style=\"text-align: left;\">Pensamiento cr\u00edtico y resoluci\u00f3n de problemas\u00a0<\/li><li style=\"text-align: left;\">Comunicaci\u00f3n y liderazgo\u00a0<\/li><li style=\"text-align: left;\">Gesti\u00f3n de emociones y concentraci\u00f3n\u00a0<\/li><li style=\"text-align: left;\">Creatividad y estrategia\u00a0<\/li><li style=\"text-align: left;\">Talleres educativos\u00a0<\/li><\/ul><\/div><\/div>\t\t\t\t\t\t\t\t<\/div>\n\t\t\t\t<\/div>\n\t\t\t\t\t<\/div>\n\t\t<\/div>\n\t\t\t\t<div class=\"elementor-column elementor-col-66 elementor-top-column elementor-element elementor-element-350a6f2\" data-id=\"350a6f2\" data-element_type=\"column\">\n\t\t\t<div class=\"elementor-widget-wrap elementor-element-populated\">\n\t\t\t\t\t\t<div class=\"elementor-element elementor-element-ff2c697 elementor-widget elementor-widget-image\" data-id=\"ff2c697\" data-element_type=\"widget\" data-widget_type=\"image.default\">\n\t\t\t\t<div class=\"elementor-widget-container\">\n\t\t\t\t\t\t\t\t\t\t\t\t\t\t\t<img fetchpriority=\"high\" decoding=\"async\" width=\"600\" height=\"400\" src=\"https:\/\/kpiworldexperiences.com\/wp-content\/uploads\/2025\/08\/Banner-Colegios-600x400px-OK.png\" class=\"attachment-full size-full wp-image-10482\" alt=\"\" srcset=\"https:\/\/kpiworldexperiences.com\/wp-content\/uploads\/2025\/08\/Banner-Colegios-600x400px-OK.png 600w, https:\/\/kpiworldexperiences.com\/wp-content\/uploads\/2025\/08\/Banner-Colegios-600x400px-OK-768x512.png 768w, https:\/\/kpiworldexperiences.com\/wp-content\/uploads\/2025\/08\/Banner-Colegios-600x400px-OK-18x12.png 18w\" sizes=\"(max-width: 600px) 100vw, 600px\" \/>\t\t\t\t\t\t\t\t\t\t\t\t\t\t\t<\/div>\n\t\t\t\t<\/div>\n\t\t\t\t\t<\/div>\n\t\t<\/div>\n\t\t\t\t\t<\/div>\n\t\t<\/section>\n\t\t\t\t<section class=\"elementor-section elementor-top-section elementor-element elementor-element-f7790ed elementor-section-boxed elementor-section-height-default elementor-section-height-default\" data-id=\"f7790ed\" data-element_type=\"section\">\n\t\t\t\t\t\t<div class=\"elementor-container elementor-column-gap-default\">\n\t\t\t\t\t<div class=\"elementor-column elementor-col-100 elementor-top-column elementor-element elementor-element-1936988\" data-id=\"1936988\" data-element_type=\"column\">\n\t\t\t<div class=\"elementor-widget-wrap elementor-element-populated\">\n\t\t\t\t\t\t<div class=\"elementor-element elementor-element-ea06339 elementor-widget elementor-widget-heading\" data-id=\"ea06339\" data-element_type=\"widget\" data-widget_type=\"heading.default\">\n\t\t\t\t<div class=\"elementor-widget-container\">\n\t\t\t\t\t<h2 class=\"elementor-heading-title elementor-size-default\">En KPI Experience dise\u00f1amos programas adaptados a cada centro:<\/h2>\t\t\t\t<\/div>\n\t\t\t\t<\/div>\n\t\t\t\t\t<\/div>\n\t\t<\/div>\n\t\t\t\t\t<\/div>\n\t\t<\/section>\n\t\t\t\t<section class=\"elementor-section elementor-top-section elementor-element elementor-element-bf42f97 elementor-section-boxed elementor-section-height-default elementor-section-height-default\" data-id=\"bf42f97\" data-element_type=\"section\">\n\t\t\t\t\t\t<div class=\"elementor-container elementor-column-gap-default\">\n\t\t\t\t\t<div class=\"elementor-column elementor-col-100 elementor-top-column elementor-element elementor-element-b90f030\" data-id=\"b90f030\" data-element_type=\"column\">\n\t\t\t<div class=\"elementor-widget-wrap elementor-element-populated\">\n\t\t\t\t\t\t<div class=\"elementor-element elementor-element-a4be9d6 elementor-widget elementor-widget-text-editor\" data-id=\"a4be9d6\" data-element_type=\"widget\" data-widget_type=\"text-editor.default\">\n\t\t\t\t<div class=\"elementor-widget-container\">\n\t\t\t\t\t\t\t\t\t<div class=\"elementor-element elementor-element-fe1f0b7 elementor-widget elementor-widget-heading\" style=\"text-align: left;\" data-id=\"fe1f0b7\" data-element_type=\"widget\" data-widget_type=\"heading.default\"><h6 style=\"text-align: left;\"><span style=\"color: #000000;\">Talleres de gamificaci\u00f3n.<\/span><\/h6><p>Actividades pr\u00e1cticas donde los videojuegos se convierten en din\u00e1micas educativas que fomentan la motivaci\u00f3n y el aprendizaje activo.<\/p><\/div><div class=\"elementor-element elementor-element-4f8498f elementor-widget elementor-widget-text-editor\" data-id=\"4f8498f\" data-element_type=\"widget\" data-widget_type=\"text-editor.default\"><div class=\"elementor-widget-container\"><h6 style=\"text-align: left;\"><span style=\"color: #000000;\">Formaci\u00f3n en habilidades digitales:<\/span><\/h6><p style=\"text-align: left;\">Sesiones para introducir a los alumnos en el mundo del gaming responsable, el uso positivo de la tecnolog\u00eda y las competencias digitales del futuro.<\/p><h6 style=\"text-align: left;\"><span style=\"color: #000000;\">Experiencias personalizadas:<\/span><\/h6><p style=\"text-align: left;\">Creamos propuestas adaptadas a cada centro educativo, seg\u00fan las necesidades del profesorado y los objetivos pedag\u00f3gicos.<\/p><h5 style=\"text-align: left;\"><span style=\"color: #000000;\"><strong>\u00bfBeneficios para tu centro educativo?<\/strong><\/span><\/h5><ul><li style=\"text-align: left;\">Mayor motivaci\u00f3n y participaci\u00f3n de los alumnos.<\/li><li style=\"text-align: left;\">Refuerzo de competencias transversales (soft skills).<\/li><li style=\"text-align: left;\">Actividades innovadoras que conectan con los intereses reales de los j\u00f3venes.<\/li><li style=\"text-align: left;\">Una experiencia \u00fanica que combina diversi\u00f3n, aprendizaje y valores.<\/li><\/ul><p style=\"text-align: left;\">Creamos talleres y actividades que transforman la forma de aprender y de relacionarse, con un enfoque responsable, seguro y divertido.<\/p><p style=\"text-align: left;\">Cont\u00e1ctanos y dise\u00f1emos juntos la experiencia que mejor se adapte a tu centro.<\/p><\/div><\/div>\t\t\t\t\t\t\t\t<\/div>\n\t\t\t\t<\/div>\n\t\t\t\t\t<\/div>\n\t\t<\/div>\n\t\t\t\t\t<\/div>\n\t\t<\/section>\n\t\t\t\t<section class=\"elementor-section elementor-top-section elementor-element elementor-element-608009c elementor-section-full_width elementor-section-content-middle elementor-section-height-default elementor-section-height-default\" data-id=\"608009c\" data-element_type=\"section\">\n\t\t\t\t\t\t<div class=\"elementor-container elementor-column-gap-default\">\n\t\t\t\t\t<div class=\"elementor-column elementor-col-100 elementor-top-column elementor-element elementor-element-13712ef\" data-id=\"13712ef\" data-element_type=\"column\">\n\t\t\t<div class=\"elementor-widget-wrap elementor-element-populated\">\n\t\t\t\t\t\t<div class=\"elementor-element elementor-element-0b24e2f elementor-align-center elementor-widget elementor-widget-button\" data-id=\"0b24e2f\" data-element_type=\"widget\" data-widget_type=\"button.default\">\n\t\t\t\t<div class=\"elementor-widget-container\">\n\t\t\t\t\t\t\t\t\t<div class=\"elementor-button-wrapper\">\n\t\t\t\t\t<a class=\"elementor-button elementor-button-link elementor-size-sm\" href=\"\/en\/contacto\/\">\n\t\t\t\t\t\t<span class=\"elementor-button-content-wrapper\">\n\t\t\t\t\t\t\t\t\t<span class=\"elementor-button-text\">Schedule a visit<\/span>\n\t\t\t\t\t<\/span>\n\t\t\t\t\t<\/a>\n\t\t\t\t<\/div>\n\t\t\t\t\t\t\t\t<\/div>\n\t\t\t\t<\/div>\n\t\t\t\t\t<\/div>\n\t\t<\/div>\n\t\t\t\t\t<\/div>\n\t\t<\/section>\n\t\t\t\t<\/div>","protected":false},"excerpt":{"rendered":"<p>Colegios e Institutos Aprender jugando, crecer compitiendo. En KPI Experience transformamos los videojuegos en una herramienta educativa innovadora. A trav\u00e9s de talleres, actividades y din\u00e1micas gamificadas, ayudamos a que los estudiantes desarrollen habilidades clave para el futuro mientras disfrutan de lo que m\u00e1s les apasiona: el gaming. \u00bfPor qu\u00e9 gaming en la educaci\u00f3n? Los videojuegos [&hellip;]<\/p>","protected":false},"author":1,"featured_media":10483,"parent":0,"menu_order":0,"comment_status":"closed","ping_status":"closed","template":"","meta":{"footnotes":""},"class_list":["post-10408","page","type-page","status-publish","has-post-thumbnail","hentry"],"aioseo_notices":[],"_links":{"self":[{"href":"https:\/\/kpiworldexperiences.com\/en\/wp-json\/wp\/v2\/pages\/10408","targetHints":{"allow":["GET"]}}],"collection":[{"href":"https:\/\/kpiworldexperiences.com\/en\/wp-json\/wp\/v2\/pages"}],"about":[{"href":"https:\/\/kpiworldexperiences.com\/en\/wp-json\/wp\/v2\/types\/page"}],"author":[{"embeddable":true,"href":"https:\/\/kpiworldexperiences.com\/en\/wp-json\/wp\/v2\/users\/1"}],"replies":[{"embeddable":true,"href":"https:\/\/kpiworldexperiences.com\/en\/wp-json\/wp\/v2\/comments?post=10408"}],"version-history":[{"count":31,"href":"https:\/\/kpiworldexperiences.com\/en\/wp-json\/wp\/v2\/pages\/10408\/revisions"}],"predecessor-version":[{"id":10852,"href":"https:\/\/kpiworldexperiences.com\/en\/wp-json\/wp\/v2\/pages\/10408\/revisions\/10852"}],"wp:featuredmedia":[{"embeddable":true,"href":"https:\/\/kpiworldexperiences.com\/en\/wp-json\/wp\/v2\/media\/10483"}],"wp:attachment":[{"href":"https:\/\/kpiworldexperiences.com\/en\/wp-json\/wp\/v2\/media?parent=10408"}],"curies":[{"name":"wp","href":"https:\/\/api.w.org\/{rel}","templated":true}]}}