{"id":10410,"date":"2025-08-11T10:46:08","date_gmt":"2025-08-11T08:46:08","guid":{"rendered":"http:\/\/192.168.1.114:8081\/?page_id=10410"},"modified":"2025-09-08T10:56:49","modified_gmt":"2025-09-08T08:56:49","slug":"empresas-y-eventos-privados","status":"publish","type":"page","link":"https:\/\/kpiworldexperiences.com\/en\/empresas-y-eventos-privados\/","title":{"rendered":"Companies and private events"},"content":{"rendered":"<div data-elementor-type=\"wp-page\" data-elementor-id=\"10410\" class=\"elementor elementor-10410\">\n\t\t\t\t\t\t<section class=\"elementor-section elementor-top-section elementor-element elementor-element-b934eb0 elementor-section-boxed elementor-section-height-default elementor-section-height-default\" data-id=\"b934eb0\" data-element_type=\"section\">\n\t\t\t\t\t\t<div class=\"elementor-container elementor-column-gap-default\">\n\t\t\t\t\t<div class=\"elementor-column elementor-col-100 elementor-top-column elementor-element elementor-element-a2bd715\" data-id=\"a2bd715\" data-element_type=\"column\">\n\t\t\t<div class=\"elementor-widget-wrap elementor-element-populated\">\n\t\t\t\t\t\t<div class=\"elementor-element elementor-element-ff12f1c elementor-widget elementor-widget-heading\" data-id=\"ff12f1c\" data-element_type=\"widget\" data-widget_type=\"heading.default\">\n\t\t\t\t<div class=\"elementor-widget-container\">\n\t\t\t\t\t<h2 class=\"elementor-heading-title elementor-size-default\">Companies and private events<\/h2>\t\t\t\t<\/div>\n\t\t\t\t<\/div>\n\t\t\t\t\t<\/div>\n\t\t<\/div>\n\t\t\t\t\t<\/div>\n\t\t<\/section>\n\t\t\t\t<section class=\"elementor-section elementor-top-section elementor-element elementor-element-b5a25bf elementor-section-boxed elementor-section-height-default elementor-section-height-default\" data-id=\"b5a25bf\" data-element_type=\"section\">\n\t\t\t\t\t\t<div class=\"elementor-container elementor-column-gap-default\">\n\t\t\t\t\t<div class=\"elementor-column elementor-col-33 elementor-top-column elementor-element elementor-element-dc25976\" data-id=\"dc25976\" data-element_type=\"column\">\n\t\t\t<div class=\"elementor-widget-wrap elementor-element-populated\">\n\t\t\t\t\t\t<div class=\"elementor-element elementor-element-a0115f9 elementor-widget elementor-widget-text-editor\" data-id=\"a0115f9\" data-element_type=\"widget\" data-widget_type=\"text-editor.default\">\n\t\t\t\t<div class=\"elementor-widget-container\">\n\t\t\t\t\t\t\t\t\t<div class=\"elementor-element elementor-element-fe1f0b7 elementor-widget elementor-widget-heading\" style=\"text-align: left;\" data-id=\"fe1f0b7\" data-element_type=\"widget\" data-widget_type=\"heading.default\"><p><span style=\"font-size: 20px; color: #000000;\">En <strong data-start=\"354\" data-end=\"372\">KPI World Experience<\/strong> llevamos el mundo del videojuego al entorno corporativo.<\/span><\/p><\/div><div class=\"elementor-element elementor-element-4f8498f elementor-widget elementor-widget-text-editor\" data-id=\"4f8498f\" data-element_type=\"widget\" data-widget_type=\"text-editor.default\"><div class=\"elementor-widget-container\"><p style=\"text-align: left;\" data-start=\"351\" data-end=\"599\">Dise\u00f1amos experiencias \u00fanicas que refuerzan la cohesi\u00f3n de los equipos, dinamizan eventos privados y potencian la imagen de marca con un enfoque moderno y diferente.<\/p><hr data-start=\"601\" data-end=\"604\" \/><h6 style=\"text-align: left;\" data-start=\"606\" data-end=\"644\"><span style=\"color: #000000;\">\u00bfPor qu\u00e9 gaming en la empresa?<\/span><\/h6><p style=\"text-align: left;\" data-start=\"645\" data-end=\"801\">El videojuego es m\u00e1s que ocio: es una herramienta de innovaci\u00f3n capaz de generar experiencias memorables.<br data-start=\"750\" data-end=\"753\" \/>Con nuestras actividades, las empresas pueden:<\/p><ul><li style=\"text-align: left;\" data-start=\"805\" data-end=\"867\">Fomenta el trabajo en equipo y la comunicaci\u00f3n.<\/li><li style=\"text-align: left;\" data-start=\"870\" data-end=\"917\">Mejorar la motivaci\u00f3n y el clima laboral.<\/li><li style=\"text-align: left;\" data-start=\"920\" data-end=\"977\">Crear eventos corporativos atractivos y originales.<\/li><li style=\"text-align: left;\" data-start=\"980\" data-end=\"1045\">Conectar con nuevas audiencias a trav\u00e9s de la gamificaci\u00f3n.<\/li><\/ul><\/div><\/div>\t\t\t\t\t\t\t\t<\/div>\n\t\t\t\t<\/div>\n\t\t\t\t\t<\/div>\n\t\t<\/div>\n\t\t\t\t<div class=\"elementor-column elementor-col-66 elementor-top-column elementor-element elementor-element-d3e6c55\" data-id=\"d3e6c55\" data-element_type=\"column\">\n\t\t\t<div class=\"elementor-widget-wrap elementor-element-populated\">\n\t\t\t\t\t\t<div class=\"elementor-element elementor-element-e3596f2 elementor-widget elementor-widget-image\" data-id=\"e3596f2\" data-element_type=\"widget\" data-widget_type=\"image.default\">\n\t\t\t\t<div class=\"elementor-widget-container\">\n\t\t\t\t\t\t\t\t\t\t\t\t\t\t\t<img fetchpriority=\"high\" decoding=\"async\" width=\"600\" height=\"398\" src=\"https:\/\/kpiworldexperiences.com\/wp-content\/uploads\/2025\/09\/Cena_empresa.jpg\" class=\"attachment-full size-full wp-image-10792\" alt=\"\" srcset=\"https:\/\/kpiworldexperiences.com\/wp-content\/uploads\/2025\/09\/Cena_empresa.jpg 600w, https:\/\/kpiworldexperiences.com\/wp-content\/uploads\/2025\/09\/Cena_empresa-768x509.jpg 768w, https:\/\/kpiworldexperiences.com\/wp-content\/uploads\/2025\/09\/Cena_empresa-18x12.jpg 18w\" sizes=\"(max-width: 600px) 100vw, 600px\" \/>\t\t\t\t\t\t\t\t\t\t\t\t\t\t\t<\/div>\n\t\t\t\t<\/div>\n\t\t\t\t\t<\/div>\n\t\t<\/div>\n\t\t\t\t\t<\/div>\n\t\t<\/section>\n\t\t\t\t<section class=\"elementor-section elementor-top-section elementor-element elementor-element-a607ece elementor-section-boxed elementor-section-height-default elementor-section-height-default\" data-id=\"a607ece\" data-element_type=\"section\">\n\t\t\t\t\t\t<div class=\"elementor-container elementor-column-gap-default\">\n\t\t\t\t\t<div class=\"elementor-column elementor-col-100 elementor-top-column elementor-element elementor-element-ebdd411\" data-id=\"ebdd411\" data-element_type=\"column\">\n\t\t\t<div class=\"elementor-widget-wrap elementor-element-populated\">\n\t\t\t\t\t\t<div class=\"elementor-element elementor-element-9ee20ba elementor-widget elementor-widget-heading\" data-id=\"9ee20ba\" data-element_type=\"widget\" data-widget_type=\"heading.default\">\n\t\t\t\t<div class=\"elementor-widget-container\">\n\t\t\t\t\t<h2 class=\"elementor-heading-title elementor-size-default\">Convierte tus eventos corporativos en experiencias \u00fanicas con el poder del gaming.<\/h2>\t\t\t\t<\/div>\n\t\t\t\t<\/div>\n\t\t\t\t\t<\/div>\n\t\t<\/div>\n\t\t\t\t\t<\/div>\n\t\t<\/section>\n\t\t\t\t<section class=\"elementor-section elementor-top-section elementor-element elementor-element-c4d2d5f elementor-section-boxed elementor-section-height-default elementor-section-height-default\" data-id=\"c4d2d5f\" data-element_type=\"section\">\n\t\t\t\t\t\t<div class=\"elementor-container elementor-column-gap-default\">\n\t\t\t\t\t<div class=\"elementor-column elementor-col-100 elementor-top-column elementor-element elementor-element-6d9e4d8\" data-id=\"6d9e4d8\" data-element_type=\"column\">\n\t\t\t<div class=\"elementor-widget-wrap elementor-element-populated\">\n\t\t\t\t\t\t<div class=\"elementor-element elementor-element-c722e8d elementor-widget elementor-widget-text-editor\" data-id=\"c722e8d\" data-element_type=\"widget\" data-widget_type=\"text-editor.default\">\n\t\t\t\t<div class=\"elementor-widget-container\">\n\t\t\t\t\t\t\t\t\t<h6 style=\"text-align: left;\"><span style=\"color: #000000;\">Team Building<\/span><\/h6><p style=\"text-align: left;\" data-start=\"1121\" data-end=\"1235\">Actividades cooperativas y competitivas dise\u00f1adas para reforzar la colaboraci\u00f3n y la confianza entre compa\u00f1eros.<\/p><h6 style=\"text-align: left;\" data-start=\"1237\" data-end=\"1268\"><span style=\"color: #000000;\">Torneos corporativos<\/span><\/h6><p style=\"text-align: left;\" data-start=\"1269\" data-end=\"1397\">Organizaci\u00f3n de competiciones internas o interempresariales, donde el gaming se convierte en motor de motivaci\u00f3n y networking.<\/p><h6 style=\"text-align: left;\" data-start=\"1399\" data-end=\"1438\"><span style=\"color: #000000;\">Bootcamps y eventos privados<\/span><\/h6><p style=\"text-align: left;\" data-start=\"1439\" data-end=\"1590\">Sesiones intensivas y din\u00e1micas adaptadas a las necesidades de cada empresa, perfectas para convenciones, celebraciones o actividades de integraci\u00f3n.<\/p><h6 style=\"text-align: left;\" data-start=\"1592\" data-end=\"1620\"><span style=\"color: #000000;\">Acciones de marca<\/span><\/h6><p style=\"text-align: left;\" data-start=\"1621\" data-end=\"1739\">Experiencias de gaming y esports como herramienta de marketing para acercar tu marca a p\u00fablicos j\u00f3venes y digitales.<\/p><h2 style=\"text-align: left;\" data-start=\"1746\" data-end=\"1779\"><span style=\"color: #ff0000;\">Beneficios para tu empresa<\/span><\/h2><ul><li style=\"text-align: left;\">Mayor cohesi\u00f3n y compromiso de los equipos.<\/li><li style=\"text-align: left;\">Un entorno innovador y motivador para los empleados.<\/li><li style=\"text-align: left;\">Posicionamiento de marca como empresa moderna y cercana.<\/li><li style=\"text-align: left;\">Eventos personalizados que generan experiencias inolvidables.<\/li><\/ul><p style=\"text-align: left;\" data-start=\"2233\" data-end=\"2306\"><span style=\"color: #000000;\"><strong data-start=\"2236\" data-end=\"2251\">Cont\u00e1ctanos<\/strong>\u00a0y dise\u00f1a con nosotros tu pr\u00f3ximo evento corporativo.<\/span><\/p>\t\t\t\t\t\t\t\t<\/div>\n\t\t\t\t<\/div>\n\t\t\t\t\t<\/div>\n\t\t<\/div>\n\t\t\t\t\t<\/div>\n\t\t<\/section>\n\t\t\t\t<section class=\"elementor-section elementor-top-section elementor-element elementor-element-e52e95b elementor-section-full_width elementor-section-content-middle elementor-section-height-default elementor-section-height-default\" data-id=\"e52e95b\" data-element_type=\"section\">\n\t\t\t\t\t\t<div class=\"elementor-container elementor-column-gap-default\">\n\t\t\t\t\t<div class=\"elementor-column elementor-col-100 elementor-top-column elementor-element elementor-element-f9f30d0\" data-id=\"f9f30d0\" data-element_type=\"column\">\n\t\t\t<div class=\"elementor-widget-wrap elementor-element-populated\">\n\t\t\t\t\t\t<div class=\"elementor-element elementor-element-339a325 elementor-align-center elementor-widget elementor-widget-button\" data-id=\"339a325\" data-element_type=\"widget\" data-widget_type=\"button.default\">\n\t\t\t\t<div class=\"elementor-widget-container\">\n\t\t\t\t\t\t\t\t\t<div class=\"elementor-button-wrapper\">\n\t\t\t\t\t<a class=\"elementor-button elementor-button-link elementor-size-sm\" href=\"\/en\/contacto\/\">\n\t\t\t\t\t\t<span class=\"elementor-button-content-wrapper\">\n\t\t\t\t\t\t\t\t\t<span class=\"elementor-button-text\">Schedule a visit<\/span>\n\t\t\t\t\t<\/span>\n\t\t\t\t\t<\/a>\n\t\t\t\t<\/div>\n\t\t\t\t\t\t\t\t<\/div>\n\t\t\t\t<\/div>\n\t\t\t\t\t<\/div>\n\t\t<\/div>\n\t\t\t\t\t<\/div>\n\t\t<\/section>\n\t\t\t\t<\/div>","protected":false},"excerpt":{"rendered":"<p>Empresas y Eventos privados En KPI World Experience llevamos el mundo del videojuego al entorno corporativo. Dise\u00f1amos experiencias \u00fanicas que refuerzan la cohesi\u00f3n de los equipos, dinamizan eventos privados y potencian la imagen de marca con un enfoque moderno y diferente. \u00bfPor qu\u00e9 gaming en la empresa? El videojuego es m\u00e1s que ocio: es una [&hellip;]<\/p>","protected":false},"author":1,"featured_media":10498,"parent":0,"menu_order":0,"comment_status":"closed","ping_status":"closed","template":"","meta":{"footnotes":""},"class_list":["post-10410","page","type-page","status-publish","has-post-thumbnail","hentry"],"aioseo_notices":[],"_links":{"self":[{"href":"https:\/\/kpiworldexperiences.com\/en\/wp-json\/wp\/v2\/pages\/10410","targetHints":{"allow":["GET"]}}],"collection":[{"href":"https:\/\/kpiworldexperiences.com\/en\/wp-json\/wp\/v2\/pages"}],"about":[{"href":"https:\/\/kpiworldexperiences.com\/en\/wp-json\/wp\/v2\/types\/page"}],"author":[{"embeddable":true,"href":"https:\/\/kpiworldexperiences.com\/en\/wp-json\/wp\/v2\/users\/1"}],"replies":[{"embeddable":true,"href":"https:\/\/kpiworldexperiences.com\/en\/wp-json\/wp\/v2\/comments?post=10410"}],"version-history":[{"count":22,"href":"https:\/\/kpiworldexperiences.com\/en\/wp-json\/wp\/v2\/pages\/10410\/revisions"}],"predecessor-version":[{"id":10795,"href":"https:\/\/kpiworldexperiences.com\/en\/wp-json\/wp\/v2\/pages\/10410\/revisions\/10795"}],"wp:featuredmedia":[{"embeddable":true,"href":"https:\/\/kpiworldexperiences.com\/en\/wp-json\/wp\/v2\/media\/10498"}],"wp:attachment":[{"href":"https:\/\/kpiworldexperiences.com\/en\/wp-json\/wp\/v2\/media?parent=10410"}],"curies":[{"name":"wp","href":"https:\/\/api.w.org\/{rel}","templated":true}]}}