{"id":10412,"date":"2025-08-11T10:46:47","date_gmt":"2025-08-11T08:46:47","guid":{"rendered":"http:\/\/192.168.1.114:8081\/?page_id=10412"},"modified":"2025-10-06T12:31:55","modified_gmt":"2025-10-06T10:31:55","slug":"instituciones","status":"publish","type":"page","link":"https:\/\/kpiworldexperiences.com\/en\/instituciones\/","title":{"rendered":"Institutions"},"content":{"rendered":"<div data-elementor-type=\"wp-page\" data-elementor-id=\"10412\" class=\"elementor elementor-10412\">\n\t\t\t\t\t\t<section class=\"elementor-section elementor-top-section elementor-element elementor-element-bc2b0b8 elementor-section-boxed elementor-section-height-default elementor-section-height-default\" data-id=\"bc2b0b8\" data-element_type=\"section\">\n\t\t\t\t\t\t<div class=\"elementor-container elementor-column-gap-default\">\n\t\t\t\t\t<div class=\"elementor-column elementor-col-100 elementor-top-column elementor-element elementor-element-ac69d3b\" data-id=\"ac69d3b\" data-element_type=\"column\">\n\t\t\t<div class=\"elementor-widget-wrap elementor-element-populated\">\n\t\t\t\t\t\t<div class=\"elementor-element elementor-element-0cfe7e3 elementor-widget elementor-widget-heading\" data-id=\"0cfe7e3\" data-element_type=\"widget\" data-widget_type=\"heading.default\">\n\t\t\t\t<div class=\"elementor-widget-container\">\n\t\t\t\t\t<h2 class=\"elementor-heading-title elementor-size-default\">Gaming como herramienta social y cultural<\/h2>\t\t\t\t<\/div>\n\t\t\t\t<\/div>\n\t\t\t\t\t<\/div>\n\t\t<\/div>\n\t\t\t\t\t<\/div>\n\t\t<\/section>\n\t\t\t\t<section class=\"elementor-section elementor-top-section elementor-element elementor-element-273b9a8 elementor-section-boxed elementor-section-height-default elementor-section-height-default\" data-id=\"273b9a8\" data-element_type=\"section\">\n\t\t\t\t\t\t<div class=\"elementor-container elementor-column-gap-default\">\n\t\t\t\t\t<div class=\"elementor-column elementor-col-33 elementor-top-column elementor-element elementor-element-4369081\" data-id=\"4369081\" data-element_type=\"column\">\n\t\t\t<div class=\"elementor-widget-wrap elementor-element-populated\">\n\t\t\t\t\t\t<div class=\"elementor-element elementor-element-8e168bd elementor-widget elementor-widget-text-editor\" data-id=\"8e168bd\" data-element_type=\"widget\" data-widget_type=\"text-editor.default\">\n\t\t\t\t<div class=\"elementor-widget-container\">\n\t\t\t\t\t\t\t\t\t<div class=\"elementor-element elementor-element-fe1f0b7 elementor-widget elementor-widget-heading\" style=\"text-align: left;\" data-id=\"fe1f0b7\" data-element_type=\"widget\" data-widget_type=\"heading.default\">En <strong data-start=\"419\" data-end=\"437\">KPI World Experience<\/strong> colaboramos con ayuntamientos, asociaciones y entidades para llevar el mundo del videojuego al \u00e1mbito institucional.<\/div><div class=\"elementor-element elementor-element-4f8498f elementor-widget elementor-widget-text-editor\" data-id=\"4f8498f\" data-element_type=\"widget\" data-widget_type=\"text-editor.default\"><div class=\"elementor-widget-container\"><p style=\"text-align: left;\" data-start=\"416\" data-end=\"741\">Creamos <strong data-start=\"565\" data-end=\"640\">eventos municipales, jornadas juveniles y programas de ocio tecnol\u00f3gico<\/strong> que fomentan la participaci\u00f3n, la inclusi\u00f3n y el aprendizaje a trav\u00e9s de experiencias innovadoras.<\/p><hr data-start=\"743\" data-end=\"746\" \/><h6 style=\"text-align: left;\" data-start=\"748\" data-end=\"801\"><span style=\"color: #000000;\">\u00bfPor qu\u00e9 apostar por gaming en instituciones?<\/span><\/h6><p style=\"text-align: left;\" data-start=\"802\" data-end=\"960\">El videojuego es hoy una de las formas de ocio preferidas por los j\u00f3venes.<\/p><p style=\"text-align: left;\" data-start=\"802\" data-end=\"960\"><span style=\"color: #000000;\">Bien gestionado, se convierte en un <strong data-start=\"915\" data-end=\"945\">recurso educativo y social<\/strong> que permite:<\/span><\/p><ul><li style=\"text-align: left;\" data-start=\"964\" data-end=\"1027\"><span style=\"color: #808080;\"><strong data-start=\"964\" data-end=\"1001\">Promover la participaci\u00f3n juvenil<\/strong> en actividades locales.<\/span><\/li><li style=\"text-align: left;\" data-start=\"1030\" data-end=\"1094\"><span style=\"color: #808080;\"><strong data-start=\"1030\" data-end=\"1075\">Impulsar la cultura digital y tecnol\u00f3gica<\/strong> en la comunidad.<\/span><\/li><li style=\"text-align: left;\" data-start=\"1097\" data-end=\"1190\"><span style=\"color: #808080;\"><strong data-start=\"1097\" data-end=\"1127\">Fomentar valores positivos<\/strong> como la cooperaci\u00f3n, la disciplina y la sana competitividad.<\/span><\/li><li style=\"text-align: left;\" data-start=\"1193\" data-end=\"1275\"><span style=\"color: #808080;\"><strong data-start=\"1193\" data-end=\"1236\">Crear espacios de encuentro e inclusi\u00f3n<\/strong> para j\u00f3venes de diferentes perfiles.<\/span><\/li><\/ul><\/div><\/div>\t\t\t\t\t\t\t\t<\/div>\n\t\t\t\t<\/div>\n\t\t\t\t\t<\/div>\n\t\t<\/div>\n\t\t\t\t<div class=\"elementor-column elementor-col-66 elementor-top-column elementor-element elementor-element-2742fdd\" data-id=\"2742fdd\" data-element_type=\"column\">\n\t\t\t<div class=\"elementor-widget-wrap elementor-element-populated\">\n\t\t\t\t\t\t<div class=\"elementor-element elementor-element-bc8ee62 elementor-widget elementor-widget-image\" data-id=\"bc8ee62\" data-element_type=\"widget\" data-widget_type=\"image.default\">\n\t\t\t\t<div class=\"elementor-widget-container\">\n\t\t\t\t\t\t\t\t\t\t\t\t\t\t\t<img fetchpriority=\"high\" decoding=\"async\" width=\"600\" height=\"400\" src=\"https:\/\/kpiworldexperiences.com\/wp-content\/uploads\/2025\/08\/Banner-Instituciones-600x400px-OK.png\" class=\"attachment-full size-full wp-image-10494\" alt=\"\" srcset=\"https:\/\/kpiworldexperiences.com\/wp-content\/uploads\/2025\/08\/Banner-Instituciones-600x400px-OK.png 600w, https:\/\/kpiworldexperiences.com\/wp-content\/uploads\/2025\/08\/Banner-Instituciones-600x400px-OK-768x512.png 768w, https:\/\/kpiworldexperiences.com\/wp-content\/uploads\/2025\/08\/Banner-Instituciones-600x400px-OK-18x12.png 18w\" sizes=\"(max-width: 600px) 100vw, 600px\" \/>\t\t\t\t\t\t\t\t\t\t\t\t\t\t\t<\/div>\n\t\t\t\t<\/div>\n\t\t\t\t\t<\/div>\n\t\t<\/div>\n\t\t\t\t\t<\/div>\n\t\t<\/section>\n\t\t\t\t<section class=\"elementor-section elementor-top-section elementor-element elementor-element-5d8d274 elementor-section-boxed elementor-section-height-default elementor-section-height-default\" data-id=\"5d8d274\" data-element_type=\"section\">\n\t\t\t\t\t\t<div class=\"elementor-container elementor-column-gap-default\">\n\t\t\t\t\t<div class=\"elementor-column elementor-col-100 elementor-top-column elementor-element elementor-element-8e9a856\" data-id=\"8e9a856\" data-element_type=\"column\">\n\t\t\t<div class=\"elementor-widget-wrap elementor-element-populated\">\n\t\t\t\t\t\t<div class=\"elementor-element elementor-element-44887f2 elementor-widget elementor-widget-heading\" data-id=\"44887f2\" data-element_type=\"widget\" data-widget_type=\"heading.default\">\n\t\t\t\t<div class=\"elementor-widget-container\">\n\t\t\t\t\t<h2 class=\"elementor-heading-title elementor-size-default\"> Programas y actividades para instituciones<\/h2>\t\t\t\t<\/div>\n\t\t\t\t<\/div>\n\t\t\t\t\t<\/div>\n\t\t<\/div>\n\t\t\t\t\t<\/div>\n\t\t<\/section>\n\t\t\t\t<section class=\"elementor-section elementor-top-section elementor-element elementor-element-ef4fc67 elementor-section-boxed elementor-section-height-default elementor-section-height-default\" data-id=\"ef4fc67\" data-element_type=\"section\">\n\t\t\t\t\t\t<div class=\"elementor-container elementor-column-gap-default\">\n\t\t\t\t\t<div class=\"elementor-column elementor-col-100 elementor-top-column elementor-element elementor-element-67ca77d\" data-id=\"67ca77d\" data-element_type=\"column\">\n\t\t\t<div class=\"elementor-widget-wrap elementor-element-populated\">\n\t\t\t\t\t\t<div class=\"elementor-element elementor-element-c9d5fc8 elementor-widget elementor-widget-text-editor\" data-id=\"c9d5fc8\" data-element_type=\"widget\" data-widget_type=\"text-editor.default\">\n\t\t\t\t<div class=\"elementor-widget-container\">\n\t\t\t\t\t\t\t\t\t<h6 style=\"text-align: left;\"><span style=\"color: #000000;\">Eventos Municipales<\/span><\/h6>\n<div class=\"elementor-widget-container\">\n<p style=\"text-align: left;\">Organizamos competiciones y experiencias gaming en fiestas locales, ferias y actividades culturales, dise\u00f1adas para atraer y motivar a la juventud.<\/p>\n\n<h6 style=\"text-align: left;\"><span style=\"color: #000000;\">Jornadas juveniles<\/span><\/h6>\n<p style=\"text-align: left;\">Creamos espacios de ocio responsable donde los videojuegos se convierten en el punto de encuentro para el aprendizaje y la diversi\u00f3n compartida.<\/p>\n\n<h6 style=\"text-align: left;\"><span style=\"color: #000000;\">Programas de ocio tecnol\u00f3gico<\/span><\/h6>\n<p style=\"text-align: left;\">Desarrollamos proyectos que combinan <strong data-start=\"1773\" data-end=\"1813\">formaci\u00f3n, gamificaci\u00f3n y tecnolog\u00eda<\/strong>, alineados con los objetivos educativos y sociales de cada instituci\u00f3n.<\/p>\n\n<h6 style=\"text-align: left;\"><span style=\"color: #000000;\">Beneficios para las instituciones:<\/span><\/h6>\n<ul>\n \t<li style=\"text-align: left;\">Innovaci\u00f3n en la oferta cultural y de ocio.<\/li>\n \t<li style=\"text-align: left;\">Mayor conexi\u00f3n con la juventud y sus intereses reales.<\/li>\n \t<li style=\"text-align: left;\">Actividades inclusivas y seguras en torno al videojuego.<\/li>\n \t<li style=\"text-align: left;\">Imagen moderna y cercana de la instituci\u00f3n ante la comunidad.<\/li>\n<\/ul>\n\n<hr data-start=\"2170\" data-end=\"2173\" \/>\n<p style=\"text-align: left;\"><img decoding=\"async\" class=\"emoji\" role=\"img\" draggable=\"false\" src=\"https:\/\/s.w.org\/images\/core\/emoji\/16.0.1\/svg\/1f680.svg\" alt=\"\ud83d\ude80\" \/> Llevamos KPI Experience a tu municipio<\/p>\n<p style=\"text-align: left;\">Con nuestros programas, tu instituci\u00f3n podr\u00e1 ofrecer a los j\u00f3venes una experiencia de ocio <strong data-start=\"2313\" data-end=\"2349\">moderna, educativa y responsable<\/strong>.<br data-start=\"2350\" data-end=\"2353\" \/>Jornadas, torneos y talleres adaptados a las necesidades de cada comunidad.<\/p>\n<p style=\"text-align: left;\"><span style=\"color: #000000;\"><strong data-start=\"2435\" data-end=\"2450\">Cont\u00e1ctanos<\/strong> y dise\u00f1emos juntos tu pr\u00f3ximo evento juvenil o programa de ocio tecnol\u00f3gico.<\/span><\/p>\n\n<\/div>\n<\/div>\t\t\t\t\t\t\t\t<\/div>\n\t\t\t\t<\/div>\n\t\t\t\t\t<\/div>\n\t\t<\/div>\n\t\t\t\t\t<\/div>\n\t\t<\/section>\n\t\t\t\t<section class=\"elementor-section elementor-top-section elementor-element elementor-element-869bc60 elementor-section-full_width elementor-section-content-middle elementor-section-height-default elementor-section-height-default\" data-id=\"869bc60\" data-element_type=\"section\">\n\t\t\t\t\t\t<div class=\"elementor-container elementor-column-gap-default\">\n\t\t\t\t\t<div class=\"elementor-column elementor-col-100 elementor-top-column elementor-element elementor-element-6b875fa\" data-id=\"6b875fa\" data-element_type=\"column\">\n\t\t\t<div class=\"elementor-widget-wrap elementor-element-populated\">\n\t\t\t\t\t\t<div class=\"elementor-element elementor-element-88d0aec elementor-align-center elementor-widget elementor-widget-button\" data-id=\"88d0aec\" data-element_type=\"widget\" data-widget_type=\"button.default\">\n\t\t\t\t<div class=\"elementor-widget-container\">\n\t\t\t\t\t\t\t\t\t<div class=\"elementor-button-wrapper\">\n\t\t\t\t\t<a class=\"elementor-button elementor-button-link elementor-size-sm\" href=\"\/en\/contacto\/\">\n\t\t\t\t\t\t<span class=\"elementor-button-content-wrapper\">\n\t\t\t\t\t\t\t\t\t<span class=\"elementor-button-text\">Schedule a visit<\/span>\n\t\t\t\t\t<\/span>\n\t\t\t\t\t<\/a>\n\t\t\t\t<\/div>\n\t\t\t\t\t\t\t\t<\/div>\n\t\t\t\t<\/div>\n\t\t\t\t\t<\/div>\n\t\t<\/div>\n\t\t\t\t\t<\/div>\n\t\t<\/section>\n\t\t\t\t<section class=\"elementor-section elementor-top-section elementor-element elementor-element-a6f99bf elementor-section-stretched elementor-hidden-desktop elementor-hidden-laptop elementor-hidden-tablet elementor-hidden-mobile elementor-section-boxed elementor-section-height-default elementor-section-height-default\" data-id=\"a6f99bf\" data-element_type=\"section\" data-settings=\"{&quot;background_background&quot;:&quot;classic&quot;,&quot;stretch_section&quot;:&quot;section-stretched&quot;}\">\n\t\t\t\t\t\t<div class=\"elementor-container elementor-column-gap-default\">\n\t\t\t\t\t<div class=\"elementor-column elementor-col-25 elementor-top-column elementor-element elementor-element-26207d4\" data-id=\"26207d4\" data-element_type=\"column\">\n\t\t\t<div class=\"elementor-widget-wrap elementor-element-populated\">\n\t\t\t\t\t\t<div class=\"elementor-element elementor-element-42533d8 elementor-widget elementor-widget-image\" data-id=\"42533d8\" data-element_type=\"widget\" data-widget_type=\"image.default\">\n\t\t\t\t<div class=\"elementor-widget-container\">\n\t\t\t\t\t\t\t\t\t\t\t\t\t\t\t\t<a href=\"\/en\/campamentos-urbanos\/\">\n\t\t\t\t\t\t\t<img decoding=\"async\" width=\"600\" height=\"400\" src=\"https:\/\/kpiworldexperiences.com\/wp-content\/uploads\/2025\/08\/experiencia-campamentos.png\" class=\"attachment-full size-full wp-image-10538\" alt=\"\" srcset=\"https:\/\/kpiworldexperiences.com\/wp-content\/uploads\/2025\/08\/experiencia-campamentos.png 600w, https:\/\/kpiworldexperiences.com\/wp-content\/uploads\/2025\/08\/experiencia-campamentos-768x512.png 768w, https:\/\/kpiworldexperiences.com\/wp-content\/uploads\/2025\/08\/experiencia-campamentos-18x12.png 18w\" sizes=\"(max-width: 600px) 100vw, 600px\" \/>\t\t\t\t\t\t\t\t<\/a>\n\t\t\t\t\t\t\t\t\t\t\t\t\t\t\t<\/div>\n\t\t\t\t<\/div>\n\t\t\t\t\t<\/div>\n\t\t<\/div>\n\t\t\t\t<div class=\"elementor-column elementor-col-25 elementor-top-column elementor-element elementor-element-1d06f4f\" data-id=\"1d06f4f\" data-element_type=\"column\">\n\t\t\t<div class=\"elementor-widget-wrap elementor-element-populated\">\n\t\t\t\t\t\t<div class=\"elementor-element elementor-element-9289539 elementor-widget elementor-widget-image\" data-id=\"9289539\" data-element_type=\"widget\" data-widget_type=\"image.default\">\n\t\t\t\t<div class=\"elementor-widget-container\">\n\t\t\t\t\t\t\t\t\t\t\t\t\t\t\t<img decoding=\"async\" width=\"600\" height=\"400\" src=\"https:\/\/kpiworldexperiences.com\/wp-content\/uploads\/2025\/08\/experiencia-teambuilding.png\" class=\"attachment-full size-full wp-image-10539\" alt=\"\" srcset=\"https:\/\/kpiworldexperiences.com\/wp-content\/uploads\/2025\/08\/experiencia-teambuilding.png 600w, https:\/\/kpiworldexperiences.com\/wp-content\/uploads\/2025\/08\/experiencia-teambuilding-768x512.png 768w, https:\/\/kpiworldexperiences.com\/wp-content\/uploads\/2025\/08\/experiencia-teambuilding-18x12.png 18w\" sizes=\"(max-width: 600px) 100vw, 600px\" \/>\t\t\t\t\t\t\t\t\t\t\t\t\t\t\t<\/div>\n\t\t\t\t<\/div>\n\t\t\t\t\t<\/div>\n\t\t<\/div>\n\t\t\t\t<div class=\"elementor-column elementor-col-25 elementor-top-column elementor-element elementor-element-1a071b2\" data-id=\"1a071b2\" data-element_type=\"column\">\n\t\t\t<div class=\"elementor-widget-wrap elementor-element-populated\">\n\t\t\t\t\t\t<div class=\"elementor-element elementor-element-173edd3 elementor-widget elementor-widget-image\" data-id=\"173edd3\" data-element_type=\"widget\" data-widget_type=\"image.default\">\n\t\t\t\t<div class=\"elementor-widget-container\">\n\t\t\t\t\t\t\t\t\t\t\t\t\t\t\t\t<a href=\"\/en\/empresas-y-eventos-privados\/\">\n\t\t\t\t\t\t\t<img loading=\"lazy\" decoding=\"async\" width=\"600\" height=\"400\" src=\"https:\/\/kpiworldexperiences.com\/wp-content\/uploads\/2025\/08\/experiencia-eventos.png\" class=\"attachment-full size-full wp-image-10541\" alt=\"\" srcset=\"https:\/\/kpiworldexperiences.com\/wp-content\/uploads\/2025\/08\/experiencia-eventos.png 600w, https:\/\/kpiworldexperiences.com\/wp-content\/uploads\/2025\/08\/experiencia-eventos-768x512.png 768w, https:\/\/kpiworldexperiences.com\/wp-content\/uploads\/2025\/08\/experiencia-eventos-18x12.png 18w\" sizes=\"(max-width: 600px) 100vw, 600px\" \/>\t\t\t\t\t\t\t\t<\/a>\n\t\t\t\t\t\t\t\t\t\t\t\t\t\t\t<\/div>\n\t\t\t\t<\/div>\n\t\t\t\t\t<\/div>\n\t\t<\/div>\n\t\t\t\t<div class=\"elementor-column elementor-col-25 elementor-top-column elementor-element elementor-element-043b121\" data-id=\"043b121\" data-element_type=\"column\">\n\t\t\t<div class=\"elementor-widget-wrap elementor-element-populated\">\n\t\t\t\t\t\t<div class=\"elementor-element elementor-element-1cd98c1 elementor-widget elementor-widget-image\" data-id=\"1cd98c1\" data-element_type=\"widget\" data-widget_type=\"image.default\">\n\t\t\t\t<div class=\"elementor-widget-container\">\n\t\t\t\t\t\t\t\t\t\t\t\t\t\t\t<img loading=\"lazy\" decoding=\"async\" width=\"600\" height=\"400\" src=\"https:\/\/kpiworldexperiences.com\/wp-content\/uploads\/2025\/08\/experiencia-espacio.png\" class=\"attachment-full size-full wp-image-10551\" alt=\"\" srcset=\"https:\/\/kpiworldexperiences.com\/wp-content\/uploads\/2025\/08\/experiencia-espacio.png 600w, https:\/\/kpiworldexperiences.com\/wp-content\/uploads\/2025\/08\/experiencia-espacio-768x512.png 768w, https:\/\/kpiworldexperiences.com\/wp-content\/uploads\/2025\/08\/experiencia-espacio-18x12.png 18w\" sizes=\"(max-width: 600px) 100vw, 600px\" \/>\t\t\t\t\t\t\t\t\t\t\t\t\t\t\t<\/div>\n\t\t\t\t<\/div>\n\t\t\t\t\t<\/div>\n\t\t<\/div>\n\t\t\t\t\t<\/div>\n\t\t<\/section>\n\t\t\t\t<\/div>","protected":false},"excerpt":{"rendered":"<p>Gaming como herramienta social y cultural En KPI World Experience colaboramos con ayuntamientos, asociaciones y entidades para llevar el mundo del videojuego al \u00e1mbito institucional. Creamos eventos municipales, jornadas juveniles y programas de ocio tecnol\u00f3gico que fomentan la participaci\u00f3n, la inclusi\u00f3n y el aprendizaje a trav\u00e9s de experiencias innovadoras. \u00bfPor qu\u00e9 apostar por gaming en [&hellip;]<\/p>","protected":false},"author":1,"featured_media":10487,"parent":0,"menu_order":0,"comment_status":"closed","ping_status":"closed","template":"","meta":{"footnotes":""},"class_list":["post-10412","page","type-page","status-publish","has-post-thumbnail","hentry"],"aioseo_notices":[],"_links":{"self":[{"href":"https:\/\/kpiworldexperiences.com\/en\/wp-json\/wp\/v2\/pages\/10412","targetHints":{"allow":["GET"]}}],"collection":[{"href":"https:\/\/kpiworldexperiences.com\/en\/wp-json\/wp\/v2\/pages"}],"about":[{"href":"https:\/\/kpiworldexperiences.com\/en\/wp-json\/wp\/v2\/types\/page"}],"author":[{"embeddable":true,"href":"https:\/\/kpiworldexperiences.com\/en\/wp-json\/wp\/v2\/users\/1"}],"replies":[{"embeddable":true,"href":"https:\/\/kpiworldexperiences.com\/en\/wp-json\/wp\/v2\/comments?post=10412"}],"version-history":[{"count":40,"href":"https:\/\/kpiworldexperiences.com\/en\/wp-json\/wp\/v2\/pages\/10412\/revisions"}],"predecessor-version":[{"id":10858,"href":"https:\/\/kpiworldexperiences.com\/en\/wp-json\/wp\/v2\/pages\/10412\/revisions\/10858"}],"wp:featuredmedia":[{"embeddable":true,"href":"https:\/\/kpiworldexperiences.com\/en\/wp-json\/wp\/v2\/media\/10487"}],"wp:attachment":[{"href":"https:\/\/kpiworldexperiences.com\/en\/wp-json\/wp\/v2\/media?parent=10412"}],"curies":[{"name":"wp","href":"https:\/\/api.w.org\/{rel}","templated":true}]}}