{"id":8028,"date":"2025-08-11T11:08:06","date_gmt":"2025-08-11T09:08:06","guid":{"rendered":"http:\/\/travelhotel.wpengine.com\/?page_id=8028"},"modified":"2025-09-22T16:27:29","modified_gmt":"2025-09-22T14:27:29","slug":"sobre-nosotros","status":"publish","type":"page","link":"https:\/\/kpiworldexperiences.com\/en\/sobre-nosotros\/","title":{"rendered":"About Us"},"content":{"rendered":"<div data-elementor-type=\"wp-page\" data-elementor-id=\"8028\" class=\"elementor elementor-8028\">\n\t\t\t\t\t\t<section class=\"elementor-section elementor-top-section elementor-element elementor-element-20bdde17 elementor-section-boxed elementor-section-height-default elementor-section-height-default\" data-id=\"20bdde17\" data-element_type=\"section\">\n\t\t\t\t\t\t<div class=\"elementor-container elementor-column-gap-default\">\n\t\t\t\t\t<div class=\"elementor-column elementor-col-50 elementor-top-column elementor-element elementor-element-4e0d2c94\" data-id=\"4e0d2c94\" data-element_type=\"column\">\n\t\t\t<div class=\"elementor-widget-wrap elementor-element-populated\">\n\t\t\t\t\t\t<div class=\"elementor-element elementor-element-2d651d11 elementor-widget elementor-widget-image\" data-id=\"2d651d11\" data-element_type=\"widget\" data-widget_type=\"image.default\">\n\t\t\t\t<div class=\"elementor-widget-container\">\n\t\t\t\t\t\t\t\t\t\t\t\t\t\t\t<img fetchpriority=\"high\" decoding=\"async\" width=\"600\" height=\"400\" src=\"https:\/\/kpiworldexperiences.com\/wp-content\/uploads\/2025\/08\/Banner-Sobre-Nosotros-600x400px-OK.png\" class=\"attachment-full size-full wp-image-10473\" alt=\"\" srcset=\"https:\/\/kpiworldexperiences.com\/wp-content\/uploads\/2025\/08\/Banner-Sobre-Nosotros-600x400px-OK.png 600w, https:\/\/kpiworldexperiences.com\/wp-content\/uploads\/2025\/08\/Banner-Sobre-Nosotros-600x400px-OK-768x512.png 768w, https:\/\/kpiworldexperiences.com\/wp-content\/uploads\/2025\/08\/Banner-Sobre-Nosotros-600x400px-OK-18x12.png 18w\" sizes=\"(max-width: 600px) 100vw, 600px\" \/>\t\t\t\t\t\t\t\t\t\t\t\t\t\t\t<\/div>\n\t\t\t\t<\/div>\n\t\t\t\t<div class=\"elementor-element elementor-element-784dfff8 elementor-widget elementor-widget-heading\" data-id=\"784dfff8\" data-element_type=\"widget\" data-widget_type=\"heading.default\">\n\t\t\t\t<div class=\"elementor-widget-container\">\n\t\t\t\t\t<h2 class=\"elementor-heading-title elementor-size-default\">About us<\/h2>\t\t\t\t<\/div>\n\t\t\t\t<\/div>\n\t\t\t\t<div class=\"elementor-element elementor-element-6841c32b elementor-widget elementor-widget-text-editor\" data-id=\"6841c32b\" data-element_type=\"widget\" data-widget_type=\"text-editor.default\">\n\t\t\t\t<div class=\"elementor-widget-container\">\n\t\t\t\t\t\t\t\t\t<p><span style=\"font-weight: 400;\">KPI World Experiences es la divisi\u00f3n de ocio y eventos de <\/span><b>KPI World<\/b><span style=\"font-weight: 400;\">, equipo profesional de esports en Espa\u00f1a con sede en Madrid. Nuestra misi\u00f3n es acercar la pasi\u00f3n por los videojuegos y la competici\u00f3n a todos los p\u00fablicos a trav\u00e9s de experiencias \u00fanicas, seguras y llenas de diversi\u00f3n.<\/span><\/p>\t\t\t\t\t\t\t\t<\/div>\n\t\t\t\t<\/div>\n\t\t\t\t\t<\/div>\n\t\t<\/div>\n\t\t\t\t<div class=\"elementor-column elementor-col-50 elementor-top-column elementor-element elementor-element-471383f9\" data-id=\"471383f9\" data-element_type=\"column\">\n\t\t\t<div class=\"elementor-widget-wrap elementor-element-populated\">\n\t\t\t\t\t\t<div class=\"elementor-element elementor-element-4866a158 elementor-widget elementor-widget-text-editor\" data-id=\"4866a158\" data-element_type=\"widget\" data-widget_type=\"text-editor.default\">\n\t\t\t\t<div class=\"elementor-widget-container\">\n\t\t\t\t\t\t\t\t\t<p><span style=\"font-weight: 400;\">At our <\/span><b>Gaming House in Boadilla del Monte<\/b><span style=\"font-weight: 400;\"> we organize <\/span><b>cumplea\u00f1os gamer<\/b><span style=\"font-weight: 400;\">, <\/span><b>campamentos urbanos gaming<\/b><span style=\"font-weight: 400;\">, <\/span><b>ligas de esports<\/b><span style=\"font-weight: 400;\">, talleres creativos y actividades para colegios, familias, empresas y ayuntamientos. Todo en unas instalaciones premium con tecnolog\u00eda de \u00faltima generaci\u00f3n y un entorno exterior de 1.000 m\u00b2 con dos piscinas.<\/span><\/p>\t\t\t\t\t\t\t\t<\/div>\n\t\t\t\t<\/div>\n\t\t\t\t<div class=\"elementor-element elementor-element-5daa0bfc elementor-widget elementor-widget-image\" data-id=\"5daa0bfc\" data-element_type=\"widget\" data-widget_type=\"image.default\">\n\t\t\t\t<div class=\"elementor-widget-container\">\n\t\t\t\t\t\t\t\t\t\t\t\t\t\t\t<img decoding=\"async\" width=\"600\" height=\"400\" src=\"https:\/\/kpiworldexperiences.com\/wp-content\/uploads\/2025\/08\/Banner-Sobre-Nosotros-600x400px-OK02.png\" class=\"attachment-full size-full wp-image-10474\" alt=\"\" srcset=\"https:\/\/kpiworldexperiences.com\/wp-content\/uploads\/2025\/08\/Banner-Sobre-Nosotros-600x400px-OK02.png 600w, https:\/\/kpiworldexperiences.com\/wp-content\/uploads\/2025\/08\/Banner-Sobre-Nosotros-600x400px-OK02-768x512.png 768w, https:\/\/kpiworldexperiences.com\/wp-content\/uploads\/2025\/08\/Banner-Sobre-Nosotros-600x400px-OK02-18x12.png 18w\" sizes=\"(max-width: 600px) 100vw, 600px\" \/>\t\t\t\t\t\t\t\t\t\t\t\t\t\t\t<\/div>\n\t\t\t\t<\/div>\n\t\t\t\t\t<\/div>\n\t\t<\/div>\n\t\t\t\t\t<\/div>\n\t\t<\/section>\n\t\t\t\t<section class=\"elementor-section elementor-top-section elementor-element elementor-element-57136466 elementor-section-boxed elementor-section-height-default elementor-section-height-default\" data-id=\"57136466\" data-element_type=\"section\">\n\t\t\t\t\t\t<div class=\"elementor-container elementor-column-gap-default\">\n\t\t\t\t\t<div class=\"elementor-column elementor-col-100 elementor-top-column elementor-element elementor-element-e5a4add\" data-id=\"e5a4add\" data-element_type=\"column\">\n\t\t\t<div class=\"elementor-widget-wrap\">\n\t\t\t\t\t\t\t<\/div>\n\t\t<\/div>\n\t\t\t\t\t<\/div>\n\t\t<\/section>\n\t\t\t\t<section class=\"elementor-section elementor-top-section elementor-element elementor-element-c0fa5c7 elementor-section-boxed elementor-section-height-default elementor-section-height-default\" data-id=\"c0fa5c7\" data-element_type=\"section\">\n\t\t\t\t\t\t<div class=\"elementor-container elementor-column-gap-default\">\n\t\t\t\t\t<div class=\"elementor-column elementor-col-100 elementor-top-column elementor-element elementor-element-968f930\" data-id=\"968f930\" data-element_type=\"column\">\n\t\t\t<div class=\"elementor-widget-wrap elementor-element-populated\">\n\t\t\t\t\t\t<div class=\"elementor-element elementor-element-9fed5b9 elementor-widget elementor-widget-heading\" data-id=\"9fed5b9\" data-element_type=\"widget\" data-widget_type=\"heading.default\">\n\t\t\t\t<div class=\"elementor-widget-container\">\n\t\t\t\t\t<h2 class=\"elementor-heading-title elementor-size-default\">El gaming es m\u00e1s que jugar: es aprender, competir, conectar y crear recuerdos inolvidables. \n\n<\/h2>\t\t\t\t<\/div>\n\t\t\t\t<\/div>\n\t\t\t\t\t<\/div>\n\t\t<\/div>\n\t\t\t\t\t<\/div>\n\t\t<\/section>\n\t\t\t\t<\/div>","protected":false},"excerpt":{"rendered":"<p>Qui\u00e9nes somos KPI World Experiences es la divisi\u00f3n de ocio y eventos de KPI World, equipo profesional de esports en Espa\u00f1a con sede en Madrid. Nuestra misi\u00f3n es acercar la pasi\u00f3n por los videojuegos y la competici\u00f3n a todos los p\u00fablicos a trav\u00e9s de experiencias \u00fanicas, seguras y llenas de diversi\u00f3n. En nuestra Gaming House [&hellip;]<\/p>","protected":false},"author":1,"featured_media":10472,"parent":0,"menu_order":0,"comment_status":"closed","ping_status":"closed","template":"template-fullwidth.php","meta":{"footnotes":""},"class_list":["post-8028","page","type-page","status-publish","has-post-thumbnail","hentry"],"aioseo_notices":[],"_links":{"self":[{"href":"https:\/\/kpiworldexperiences.com\/en\/wp-json\/wp\/v2\/pages\/8028","targetHints":{"allow":["GET"]}}],"collection":[{"href":"https:\/\/kpiworldexperiences.com\/en\/wp-json\/wp\/v2\/pages"}],"about":[{"href":"https:\/\/kpiworldexperiences.com\/en\/wp-json\/wp\/v2\/types\/page"}],"author":[{"embeddable":true,"href":"https:\/\/kpiworldexperiences.com\/en\/wp-json\/wp\/v2\/users\/1"}],"replies":[{"embeddable":true,"href":"https:\/\/kpiworldexperiences.com\/en\/wp-json\/wp\/v2\/comments?post=8028"}],"version-history":[{"count":19,"href":"https:\/\/kpiworldexperiences.com\/en\/wp-json\/wp\/v2\/pages\/8028\/revisions"}],"predecessor-version":[{"id":10840,"href":"https:\/\/kpiworldexperiences.com\/en\/wp-json\/wp\/v2\/pages\/8028\/revisions\/10840"}],"wp:featuredmedia":[{"embeddable":true,"href":"https:\/\/kpiworldexperiences.com\/en\/wp-json\/wp\/v2\/media\/10472"}],"wp:attachment":[{"href":"https:\/\/kpiworldexperiences.com\/en\/wp-json\/wp\/v2\/media?parent=8028"}],"curies":[{"name":"wp","href":"https:\/\/api.w.org\/{rel}","templated":true}]}}